{"id":47191,"date":"2023-12-06T10:15:12","date_gmt":"2023-12-06T10:15:12","guid":{"rendered":"https:\/\/magasiait.ee\/toode\/magasiaida-talusahvri-christmas-gingerbread-with-glaze-spruce-tree-20-g\/"},"modified":"2023-12-20T12:33:57","modified_gmt":"2023-12-20T12:33:57","slug":"magasiaida-talusahvri-christmas-gingerbread-with-glaze-spruce-tree-20-g","status":"publish","type":"product","link":"https:\/\/magasiait.ee\/en\/product\/magasiaida-talusahvri-christmas-gingerbread-with-glaze-spruce-tree-20-g\/","title":{"rendered":"Magasiaida Talusahvri Christmas gingerbread with glaze &#8220;Spruce tree&#8221;  20 g"},"content":{"rendered":"<figure class=\"image image_resized\" style=\"width:13.7%;\"><img decoding=\"async\" src=\"https:\/\/cdn.erply.com\/files\/500235\/dVP4pF1yaYmi7RKQKTJC8JqYgleVBVO8e2SxKWhpunP2BvTOUD.png\"><\/figure>\n<p>Estonian<\/p>\n<p>Ingredients: gingerbread (wheat flour, sugar syrup, butter, sugar, gingerbread flavoring (2%), egg, soda), glaze 2% (caster sugar, egg white, food colors ( E133, E100, E120, E161b, E102, E151, E122, E110, E171 )).&nbsp;<\/p>\n<p>Nutritional information:<br \/>100g of product contains: energy 1761kJ\/419kcal, fats 16g, of which saturated fatty acids 9.8g, carbohydrates 62g, sugars 31g, proteins 5.5g, salt 0.6g.<\/p>\n<p>Manufacturer: Magasiait O\u00dc, Lillekivi, Peatskivi village, Peipsi\u00e4\u00e4re parish, Tartu county 60201.<\/p>\n","protected":false},"excerpt":{"rendered":"<p>Slightly spicy, deliciously crispy gingerbread &#8211; a Christmas classic.<br \/>\nA sweet bite with tea and coffee, or just for crunching.<br \/>\nKeep dry and cool.<br \/>\nOnce opened, consume within a week.<\/p>\n","protected":false},"featured_media":41685,"template":"","meta":[],"product_brand":[],"product_cat":[15],"product_tag":[],"class_list":{"0":"post-47191","1":"product","2":"type-product","3":"status-publish","4":"has-post-thumbnail","6":"product_cat-maaratlemata","8":"first","9":"outofstock","10":"shipping-taxable","11":"purchasable","12":"product-type-simple"},"aioseo_notices":[],"_links":{"self":[{"href":"https:\/\/magasiait.ee\/en\/wp-json\/wp\/v2\/product\/47191","targetHints":{"allow":["GET"]}}],"collection":[{"href":"https:\/\/magasiait.ee\/en\/wp-json\/wp\/v2\/product"}],"about":[{"href":"https:\/\/magasiait.ee\/en\/wp-json\/wp\/v2\/types\/product"}],"wp:featuredmedia":[{"embeddable":true,"href":"https:\/\/magasiait.ee\/en\/wp-json\/wp\/v2\/media\/41685"}],"wp:attachment":[{"href":"https:\/\/magasiait.ee\/en\/wp-json\/wp\/v2\/media?parent=47191"}],"wp:term":[{"taxonomy":"product_brand","embeddable":true,"href":"https:\/\/magasiait.ee\/en\/wp-json\/wp\/v2\/product_brand?post=47191"},{"taxonomy":"product_cat","embeddable":true,"href":"https:\/\/magasiait.ee\/en\/wp-json\/wp\/v2\/product_cat?post=47191"},{"taxonomy":"product_tag","embeddable":true,"href":"https:\/\/magasiait.ee\/en\/wp-json\/wp\/v2\/product_tag?post=47191"}],"curies":[{"name":"wp","href":"https:\/\/api.w.org\/{rel}","templated":true}]}}