{"id":47195,"date":"2023-12-06T10:45:22","date_gmt":"2023-12-06T10:45:22","guid":{"rendered":"https:\/\/magasiait.ee\/toode\/magasiaida-talusahvri-christmas-gingerbread-tradition-100-g\/"},"modified":"2023-12-20T12:34:02","modified_gmt":"2023-12-20T12:34:02","slug":"magasiaida-talusahvri-christmas-gingerbread-tradition-100-g","status":"publish","type":"product","link":"https:\/\/magasiait.ee\/en\/product\/magasiaida-talusahvri-christmas-gingerbread-tradition-100-g\/","title":{"rendered":"Magasiaida Talusahvri Christmas gingerbread &#8220;Tradition&#8221; 100 g."},"content":{"rendered":"<figure class=\"image image_resized\" style=\"width:13.19%;\"><img decoding=\"async\" src=\"https:\/\/cdn.erply.com\/files\/500235\/dVP4pF1yaYmi7RKQKTJC8JqYgleVBVO8e2SxKWhpunP2BvTOUD.png\"><\/figure>\n<p>Estonian<\/p>\n<p>Ingredients: wheat flour, sugar syrup, butter, sugar, gingerbread flavoring (2%), egg, soda.<br \/>Nutritional information: 100g of product contains: energy 1761kJ\/419kcal, fats 16g, of which saturated fatty acids 9.8g, carbohydrates 62g, sugars 31g, proteins 5.5g, salt 0.6g.<\/p>\n<p>Manufacturer: Magasiait O\u00dc, Lillekivi, Peatskivi village, Peipsi\u00e4\u00e4re parish, Tartu county 60201.&nbsp;<\/p>\n","protected":false},"excerpt":{"rendered":"<p>Slightly spicy, deliciously crispy gingerbread &#8211; a Christmas classic.<br \/>\nA sweet bite with tea and coffee, or just for crunching.<br \/>\nKeep dry and cool.<br \/>\nOnce opened, consume within a week.<\/p>\n","protected":false},"featured_media":41700,"template":"","meta":[],"product_brand":[],"product_cat":[15],"product_tag":[],"class_list":{"0":"post-47195","1":"product","2":"type-product","3":"status-publish","4":"has-post-thumbnail","6":"product_cat-maaratlemata","8":"first","9":"outofstock","10":"shipping-taxable","11":"purchasable","12":"product-type-simple"},"aioseo_notices":[],"_links":{"self":[{"href":"https:\/\/magasiait.ee\/en\/wp-json\/wp\/v2\/product\/47195","targetHints":{"allow":["GET"]}}],"collection":[{"href":"https:\/\/magasiait.ee\/en\/wp-json\/wp\/v2\/product"}],"about":[{"href":"https:\/\/magasiait.ee\/en\/wp-json\/wp\/v2\/types\/product"}],"wp:featuredmedia":[{"embeddable":true,"href":"https:\/\/magasiait.ee\/en\/wp-json\/wp\/v2\/media\/41700"}],"wp:attachment":[{"href":"https:\/\/magasiait.ee\/en\/wp-json\/wp\/v2\/media?parent=47195"}],"wp:term":[{"taxonomy":"product_brand","embeddable":true,"href":"https:\/\/magasiait.ee\/en\/wp-json\/wp\/v2\/product_brand?post=47195"},{"taxonomy":"product_cat","embeddable":true,"href":"https:\/\/magasiait.ee\/en\/wp-json\/wp\/v2\/product_cat?post=47195"},{"taxonomy":"product_tag","embeddable":true,"href":"https:\/\/magasiait.ee\/en\/wp-json\/wp\/v2\/product_tag?post=47195"}],"curies":[{"name":"wp","href":"https:\/\/api.w.org\/{rel}","templated":true}]}}