{"id":47200,"date":"2023-12-06T08:30:16","date_gmt":"2023-12-06T08:30:16","guid":{"rendered":"https:\/\/magasiait.ee\/toode\/herbal-tea-talusahvri-solo-20g-the-wise-advices-take-a-cup-of-fireweed-so-many-will-get-on-their-feet\/"},"modified":"2023-12-20T12:34:08","modified_gmt":"2023-12-20T12:34:08","slug":"herbal-tea-talusahvri-solo-20g-the-wise-advices-take-a-cup-of-fireweed-so-many-will-get-on-their-feet","status":"publish","type":"product","link":"https:\/\/magasiait.ee\/en\/product\/herbal-tea-talusahvri-solo-20g-the-wise-advices-take-a-cup-of-fireweed-so-many-will-get-on-their-feet\/","title":{"rendered":"Herbal tea &#8220;Talusahvri Solo&#8221; 20g. The wise advices, take a cup of fireweed, so many will get on their feet."},"content":{"rendered":"<figure class=\"image image_resized\" style=\"width:12.98%;\"><img decoding=\"async\" src=\"https:\/\/cdn.erply.com\/files\/500235\/dVP4pF1yaYmi7RKQKTJC8JqYgleVBVO8e2SxKWhpunP2BvTOUD.png\"><\/figure>\n<p>Estonian<\/p>\n<p>Preparation: 1 teaspoon of tea mixture is poured over 200 ml of hot water. Let it brew for 8-10 minutes.&nbsp;<\/p>\n<p>Manufacturer: Magasiait O\u00dc, Lillekivi, Peatskivi village, Peipsi\u00e4\u00e4re parish, Tartu county, 60201<\/p>\n<p>The author of the illustration is Kadri Kalda<\/p>\n","protected":false},"excerpt":{"rendered":"<p>Tea made from fireweed (Ivan-Chai) picked from the vast expanses of Lake Peipus area improves health, mood, and general well-being.<br \/>\nIn a pack of 20 g of fireweed leaves and flowers.<br \/>\nThe tag has a fun sentence about fireweed.<\/p>\n","protected":false},"featured_media":41665,"template":"","meta":[],"product_brand":[],"product_cat":[649,1129],"product_tag":[],"class_list":{"0":"post-47200","1":"product","2":"type-product","3":"status-publish","4":"has-post-thumbnail","6":"product_cat-teas-en","7":"product_cat-magasiait-en","9":"first","10":"instock","11":"shipping-taxable","12":"purchasable","13":"product-type-simple"},"aioseo_notices":[],"_links":{"self":[{"href":"https:\/\/magasiait.ee\/en\/wp-json\/wp\/v2\/product\/47200","targetHints":{"allow":["GET"]}}],"collection":[{"href":"https:\/\/magasiait.ee\/en\/wp-json\/wp\/v2\/product"}],"about":[{"href":"https:\/\/magasiait.ee\/en\/wp-json\/wp\/v2\/types\/product"}],"wp:featuredmedia":[{"embeddable":true,"href":"https:\/\/magasiait.ee\/en\/wp-json\/wp\/v2\/media\/41665"}],"wp:attachment":[{"href":"https:\/\/magasiait.ee\/en\/wp-json\/wp\/v2\/media?parent=47200"}],"wp:term":[{"taxonomy":"product_brand","embeddable":true,"href":"https:\/\/magasiait.ee\/en\/wp-json\/wp\/v2\/product_brand?post=47200"},{"taxonomy":"product_cat","embeddable":true,"href":"https:\/\/magasiait.ee\/en\/wp-json\/wp\/v2\/product_cat?post=47200"},{"taxonomy":"product_tag","embeddable":true,"href":"https:\/\/magasiait.ee\/en\/wp-json\/wp\/v2\/product_tag?post=47200"}],"curies":[{"name":"wp","href":"https:\/\/api.w.org\/{rel}","templated":true}]}}