{"id":51342,"date":"2024-01-11T11:32:38","date_gmt":"2024-01-11T11:32:38","guid":{"rendered":"https:\/\/magasiait.ee\/toode\/umbrohud-ja-nende-torje-martin-karmin-jaan-lepajoe-nr-965-2\/"},"modified":"2024-01-19T09:38:27","modified_gmt":"2024-01-19T09:38:27","slug":"umbrohud-ja-nende-torje-martin-karmin-jaan-lepajoe-nr-965-2","status":"publish","type":"product","link":"https:\/\/magasiait.ee\/en\/product\/umbrohud-ja-nende-torje-martin-karmin-jaan-lepajoe-nr-965-2\/","title":{"rendered":"&#8220;Umbrohud ja nende t\u00f5rje&#8221; Martin Karmin, Jaan Lepaj\u00f5e (nr 965)"},"content":{"rendered":"<p>Designer: Ilvi P\u00e4\u00e4suke<\/p>\n<p>Publisher: Valgus<br \/>City: Tallinn<br \/>Year: 1991<br \/>Original language: Estonian<br \/>Pages: 224<\/p>\n<p>Condition: Covers worn in places, contents in good condition.<\/p>\n<p>Dimensions: 140 \u00d7 214 mm<br \/>Size: standard format, soft cover<\/p>\n","protected":false},"excerpt":{"rendered":"<p>The illustrated handbook provides an overview of weeds common in Estonian fields, grasslands, gardens and wastelands. The botanical characteristics of the species, reproduction methods, distribution and harmful and beneficial properties are described. Weed control as a component of today&#8217;s intensive agriculture is discussed.<br \/>\nA manual for agricultural workers and nature enthusiasts, a teaching tool for students.<br \/>\nLanguage: Estonian<\/p>\n","protected":false},"featured_media":51289,"template":"","meta":[],"product_brand":[],"product_cat":[15],"product_tag":[],"class_list":{"0":"post-51342","1":"product","2":"type-product","3":"status-publish","4":"has-post-thumbnail","6":"product_cat-maaratlemata","8":"first","9":"instock","10":"shipping-taxable","11":"purchasable","12":"product-type-simple"},"aioseo_notices":[],"_links":{"self":[{"href":"https:\/\/magasiait.ee\/en\/wp-json\/wp\/v2\/product\/51342","targetHints":{"allow":["GET"]}}],"collection":[{"href":"https:\/\/magasiait.ee\/en\/wp-json\/wp\/v2\/product"}],"about":[{"href":"https:\/\/magasiait.ee\/en\/wp-json\/wp\/v2\/types\/product"}],"wp:featuredmedia":[{"embeddable":true,"href":"https:\/\/magasiait.ee\/en\/wp-json\/wp\/v2\/media\/51289"}],"wp:attachment":[{"href":"https:\/\/magasiait.ee\/en\/wp-json\/wp\/v2\/media?parent=51342"}],"wp:term":[{"taxonomy":"product_brand","embeddable":true,"href":"https:\/\/magasiait.ee\/en\/wp-json\/wp\/v2\/product_brand?post=51342"},{"taxonomy":"product_cat","embeddable":true,"href":"https:\/\/magasiait.ee\/en\/wp-json\/wp\/v2\/product_cat?post=51342"},{"taxonomy":"product_tag","embeddable":true,"href":"https:\/\/magasiait.ee\/en\/wp-json\/wp\/v2\/product_tag?post=51342"}],"curies":[{"name":"wp","href":"https:\/\/api.w.org\/{rel}","templated":true}]}}