{"id":51346,"date":"2024-01-11T11:17:40","date_gmt":"2024-01-11T11:17:40","guid":{"rendered":"https:\/\/magasiait.ee\/toode\/poosaskudoonia-albert-tiits-nr-963-2\/"},"modified":"2024-01-19T09:38:27","modified_gmt":"2024-01-19T09:38:27","slug":"poosaskudoonia-albert-tiits-nr-963-2","status":"publish","type":"product","link":"https:\/\/magasiait.ee\/en\/product\/poosaskudoonia-albert-tiits-nr-963-2\/","title":{"rendered":"&#8220;P\u00f5\u00f5sask\u00fcdoonia&#8221; Albert Tiits (nr 963)"},"content":{"rendered":"<p>Designer: Kersti Tormis<\/p>\n<p>Publisher: Valgus<br \/>City: Tallinn<br \/>Year: 1989<br \/>Original language: Latvian<br \/>Translator: Karl Veber<br \/>Pages: 224<\/p>\n<p>Condition: Covers worn in some places, contents in normal condition<\/p>\n<p>Dimensions: 128 \u00d7 201 mm<br \/>Size: standard format, with soft covers<\/p>\n","protected":false},"excerpt":{"rendered":"<p>The book covers bush quinces, which come from the mountains of China and Japan and are known primarily as decorative shrubs, low bush quince (previously called Japanese ebakidonia) also with its aromatic, acid-rich fruits.<br \/>\nThe book gives detailed tips for growing low bush quince in both home gardens and commercial plantations.<br \/>\nThe publication is intended for a wide readership.<br \/>\nLanguage: Estonian<\/p>\n","protected":false},"featured_media":51281,"template":"","meta":[],"product_brand":[],"product_cat":[15],"product_tag":[],"class_list":{"0":"post-51346","1":"product","2":"type-product","3":"status-publish","4":"has-post-thumbnail","6":"product_cat-maaratlemata","8":"first","9":"instock","10":"shipping-taxable","11":"purchasable","12":"product-type-simple"},"aioseo_notices":[],"_links":{"self":[{"href":"https:\/\/magasiait.ee\/en\/wp-json\/wp\/v2\/product\/51346","targetHints":{"allow":["GET"]}}],"collection":[{"href":"https:\/\/magasiait.ee\/en\/wp-json\/wp\/v2\/product"}],"about":[{"href":"https:\/\/magasiait.ee\/en\/wp-json\/wp\/v2\/types\/product"}],"wp:featuredmedia":[{"embeddable":true,"href":"https:\/\/magasiait.ee\/en\/wp-json\/wp\/v2\/media\/51281"}],"wp:attachment":[{"href":"https:\/\/magasiait.ee\/en\/wp-json\/wp\/v2\/media?parent=51346"}],"wp:term":[{"taxonomy":"product_brand","embeddable":true,"href":"https:\/\/magasiait.ee\/en\/wp-json\/wp\/v2\/product_brand?post=51346"},{"taxonomy":"product_cat","embeddable":true,"href":"https:\/\/magasiait.ee\/en\/wp-json\/wp\/v2\/product_cat?post=51346"},{"taxonomy":"product_tag","embeddable":true,"href":"https:\/\/magasiait.ee\/en\/wp-json\/wp\/v2\/product_tag?post=51346"}],"curies":[{"name":"wp","href":"https:\/\/api.w.org\/{rel}","templated":true}]}}