{"id":51463,"date":"2024-01-15T09:36:58","date_gmt":"2024-01-15T09:36:58","guid":{"rendered":"https:\/\/magasiait.ee\/toode\/kaopoja-tanu-harri-jogisalu-nr-968-2\/"},"modified":"2024-01-19T09:37:03","modified_gmt":"2024-01-19T09:37:03","slug":"kaopoja-tanu-harri-jogisalu-nr-968-2","status":"publish","type":"product","link":"https:\/\/magasiait.ee\/en\/product\/kaopoja-tanu-harri-jogisalu-nr-968-2\/","title":{"rendered":"&#8220;K\u00e4opoja t\u00e4nu&#8221; Harri J\u00f5gisalu (nr 968)"},"content":{"rendered":"<p>Publisher: Eesti Raamat<br \/>City: Tallinn<br \/>Year: 1971<br \/>Original language: Estonian<br \/>Pages: 64<\/p>\n<p>Condition: sometimes worn and dirty covers, contents in normal condition<\/p>\n<p>Dimensions: 138 \u00d7 186 mm<br \/>Size: slightly smaller than standard format, with soft covers<\/p>\n","protected":false},"excerpt":{"rendered":"<p>Animal stories for younger school age.<br \/>\nLanguage: Estonian<\/p>\n","protected":false},"featured_media":51366,"template":"","meta":[],"product_brand":[],"product_cat":[15],"product_tag":[],"class_list":{"0":"post-51463","1":"product","2":"type-product","3":"status-publish","4":"has-post-thumbnail","6":"product_cat-maaratlemata","8":"first","9":"outofstock","10":"shipping-taxable","11":"purchasable","12":"product-type-simple"},"aioseo_notices":[],"_links":{"self":[{"href":"https:\/\/magasiait.ee\/en\/wp-json\/wp\/v2\/product\/51463","targetHints":{"allow":["GET"]}}],"collection":[{"href":"https:\/\/magasiait.ee\/en\/wp-json\/wp\/v2\/product"}],"about":[{"href":"https:\/\/magasiait.ee\/en\/wp-json\/wp\/v2\/types\/product"}],"wp:featuredmedia":[{"embeddable":true,"href":"https:\/\/magasiait.ee\/en\/wp-json\/wp\/v2\/media\/51366"}],"wp:attachment":[{"href":"https:\/\/magasiait.ee\/en\/wp-json\/wp\/v2\/media?parent=51463"}],"wp:term":[{"taxonomy":"product_brand","embeddable":true,"href":"https:\/\/magasiait.ee\/en\/wp-json\/wp\/v2\/product_brand?post=51463"},{"taxonomy":"product_cat","embeddable":true,"href":"https:\/\/magasiait.ee\/en\/wp-json\/wp\/v2\/product_cat?post=51463"},{"taxonomy":"product_tag","embeddable":true,"href":"https:\/\/magasiait.ee\/en\/wp-json\/wp\/v2\/product_tag?post=51463"}],"curies":[{"name":"wp","href":"https:\/\/api.w.org\/{rel}","templated":true}]}}