{"id":51905,"date":"2024-01-19T07:36:58","date_gmt":"2024-01-19T07:36:58","guid":{"rendered":"https:\/\/magasiait.ee\/toode\/tode-ja-oigus-iv-anton-tammsaare-nr-979-2\/"},"modified":"2024-01-20T16:02:17","modified_gmt":"2024-01-20T16:02:17","slug":"tode-ja-oigus-iv-anton-tammsaare-nr-979-2","status":"publish","type":"product","link":"https:\/\/magasiait.ee\/en\/product\/tode-ja-oigus-iv-anton-tammsaare-nr-979-2\/","title":{"rendered":"\u201cT\u00f5de ja \u00f5igus IV \u201d Anton Tammsaare (nr. 979)"},"content":{"rendered":"<p>Author: Anton Tammsaare<br \/>Illustrated by: Hendrik Vitsur<br \/>Publisher: Estonian National Publishing House<br \/>City: Tallinn<br \/>Year of publication: 1956<br \/>Number of pages: 400<br \/>Format: standard format hardcover paperback volume<br \/>Series: A. H. Tammsaare&#8217;s works<br \/>Condition: contents in very good condition, top paper and cover on the back side soiled and broken, front cover in good condition.&nbsp;<\/p>\n","protected":false},"excerpt":{"rendered":"<p>&#8220;T\u00f5de ja \u00f5gis&#8221; IV is the penultimate part of the five-part novel series &#8220;T\u00f5de ja \u00f5gis&#8221; by Estonian literary classic A.H. Tammsaare, which was published in 1932. Part IV of &#8220;Truth and Justice&#8221; has been rated as one of Tammsaare&#8217;s best works, and critics have called it the best in the novel cycle. In the work, the author examines the influence of society on man and man&#8217;s search for happiness<\/p>\n<p>The scene of the work takes place in Tallinn, an independent Estonia, during the economic recession. Based on this, the work discusses the division and equality of property between husband and wife. Karin is the wealthier side of the marriage, but still she has to get her husband&#8217;s permission to make bonds on the house. The role of women in society is another main theme in the book. Karin&#8217;s mother thinks that a woman&#8217;s independence and financial independence is a misfortune, and traditionally a man has to take care of a woman. Society also expects that a man must take his wife to society and control her there. Indrek considers the society of the era to be superficial and does not fulfill the role expected by society. The role of women and men in society is a question that permeates the work. If in part I of &#8220;Truth and justice&#8221; Kr\u00f5\u00f5t and Mari portray the role of mothers, in part IV Karin opposes them and portrays the role of a woman in society and a woman as a man-catcher.<\/p>\n<p>Part IV of &#8220;Truth and Right&#8221; describes the marriage of Indrek and Karin. How next to love is the fear that the other will not love. Karin wants Indrek to adore her, and her affairs are looking for an answer to the question of whether Indrek loves her. All in all, Karin and Indreku&#8217;s marriage was not broken by jealousy, but by Karin&#8217;s words: &#8220;Who are you going to kill now&#8221;. With these words, she broke the promise she made to Indrek to keep Indrek&#8217;s secret, which had united them at the beginning of their marriage.<\/p>\n<p>Tammsaare&#8217;s work shows how people&#8217;s love is different and how not a single person understands each other, neither women men nor men women.<br \/>\nLanguage: Estonian<\/p>\n","protected":false},"featured_media":51575,"template":"","meta":[],"product_brand":[],"product_cat":[15],"product_tag":[],"class_list":{"0":"post-51905","1":"product","2":"type-product","3":"status-publish","4":"has-post-thumbnail","6":"product_cat-maaratlemata","8":"first","9":"instock","10":"shipping-taxable","11":"purchasable","12":"product-type-simple"},"aioseo_notices":[],"_links":{"self":[{"href":"https:\/\/magasiait.ee\/en\/wp-json\/wp\/v2\/product\/51905","targetHints":{"allow":["GET"]}}],"collection":[{"href":"https:\/\/magasiait.ee\/en\/wp-json\/wp\/v2\/product"}],"about":[{"href":"https:\/\/magasiait.ee\/en\/wp-json\/wp\/v2\/types\/product"}],"wp:featuredmedia":[{"embeddable":true,"href":"https:\/\/magasiait.ee\/en\/wp-json\/wp\/v2\/media\/51575"}],"wp:attachment":[{"href":"https:\/\/magasiait.ee\/en\/wp-json\/wp\/v2\/media?parent=51905"}],"wp:term":[{"taxonomy":"product_brand","embeddable":true,"href":"https:\/\/magasiait.ee\/en\/wp-json\/wp\/v2\/product_brand?post=51905"},{"taxonomy":"product_cat","embeddable":true,"href":"https:\/\/magasiait.ee\/en\/wp-json\/wp\/v2\/product_cat?post=51905"},{"taxonomy":"product_tag","embeddable":true,"href":"https:\/\/magasiait.ee\/en\/wp-json\/wp\/v2\/product_tag?post=51905"}],"curies":[{"name":"wp","href":"https:\/\/api.w.org\/{rel}","templated":true}]}}