{"id":55979,"date":"2023-10-31T19:36:37","date_gmt":"2023-10-31T19:36:37","guid":{"rendered":"https:\/\/magasiait.ee\/toode\/%d0%bf%d0%be%d0%b4%d0%b0%d1%80%d0%be%d1%87%d0%bd%d0%b0%d1%8f-%d0%ba%d0%be%d1%80%d0%b7%d0%b8%d0%bd%d0%b0-%d0%b2%d0%ba%d1%83%d1%81%d0%be%d0%b2%d1%8b%d0%b5-%d0%b2%d0%bf%d0%b5%d1%87%d0%b0%d1%82\/"},"modified":"2024-03-05T16:00:27","modified_gmt":"2024-03-05T16:00:27","slug":"%d0%bf%d0%be%d0%b4%d0%b0%d1%80%d0%be%d1%87%d0%bd%d0%b0%d1%8f-%d0%ba%d0%be%d1%80%d0%b7%d0%b8%d0%bd%d0%b0-%d0%b2%d0%ba%d1%83%d1%81%d0%be%d0%b2%d1%8b%d0%b5-%d0%b2%d0%bf%d0%b5%d1%87%d0%b0%d1%82","status":"publish","type":"product","link":"https:\/\/magasiait.ee\/en\/product\/%d0%bf%d0%be%d0%b4%d0%b0%d1%80%d0%be%d1%87%d0%bd%d0%b0%d1%8f-%d0%ba%d0%be%d1%80%d0%b7%d0%b8%d0%bd%d0%b0-%d0%b2%d0%ba%d1%83%d1%81%d0%be%d0%b2%d1%8b%d0%b5-%d0%b2%d0%bf%d0%b5%d1%87%d0%b0%d1%82\/","title":{"rendered":"\u041f\u043e\u0434\u0430\u0440\u043e\u0447\u043d\u0430\u044f \u043a\u043e\u0440\u0437\u0438\u043d\u0430 \u00ab\u0412\u043a\u0443\u0441\u043e\u0432\u044b\u0435 \u0432\u043f\u0435\u0447\u0430\u0442\u043b\u0435\u043d\u0438\u044f \u041c\u0430\u0433\u0430\u0441\u0438\u0430\u0438\u0434\u044b\u00bb \u0442\u043e\u043c 3."},"content":{"rendered":"<figure class=\"image image_resized\" style=\"width:11.16%\"><img decoding=\"async\" src=\"https:\/\/cdn.erply.com\/files\/500235\/UpbYw5OfywtELfj2hwDpdpepptviLSIMCq8PpoTGkSlOQPhYQx.png\"><\/figure>\n<p>Estonian<br \/>1. Herbal tea &#8220;Talusahvri Trio&#8221; 15g. A herbal tea with a stimulating aroma and calming effect that will not leave anyone cold. Garden sage creates a romantic mood and binds the ingredients together into a single whole.<br \/>Ingredients: mint, marigold, garden sage.<br \/>&nbsp;<\/p>\n<p>2. Magasiaida Talusahvri &#8220;Spicy Onion with Rum&#8221; 106 ml. Slightly spicy caramel onion jam. Goes perfectly with meat dishes and cheese. Ingredients: onion (65%), sugar, chili, rum (6%).<br \/>&nbsp;<\/p>\n<p>3. Talusafr&#8217;s mysteriously distinctive concoction &#8220;Soovana wine concoction&#8221; 106 ml.<br \/>A stew with a wonderful nuance of taste, which goes well with sweet dishes as well as with roast pork and poultry.<br \/>Ingredients: sugar, cranberries, red wine (30%), dried apricots, star anise, cinnamon sticks.<br \/>&nbsp;<\/p>\n<p>4. Old Believers brown sugar 60g.<br \/>An Old Believer treat that is poked into the cheek while drinking tea and allowed to slowly melt. So piece by piece until the sip is enough.<br \/>Ingredients: sugar (77%), milk, butter.<\/p>\n<p>5. Mild-tasting, slightly sour onion jam, which goes wonderfully with various meat dishes and cheese. Ingredients: onion (65%), sugar, sea buckthorn syrup (6%), salt. Net quantity: 106 ml. Made from 65g onions per 100g product. Total sugar content 65g per 100g. Nutritional information: 100g of product contains: energy 675kJ\/159kcal, fats 0.8g, of which saturated fatty acids 0.02g, carbohydrates 36g, of which sugars 36g, proteins 1.1g, salt 0.3g. Manufacturer: Magasiait O\u00dc, Lillekivi, Peatskivi k\u00fcla, Peipsi\u00e4\u00e4re parish, Tartu county, 60216. Store in the refrigerator after opening and consume within a week.<br \/>&nbsp;<\/p>\n<p>NB: all products can also be purchased separately from our e-shop.&nbsp;<\/p>\n","protected":false},"excerpt":{"rendered":"<p>A gift set for a gourmet friend.<br \/>\nAll products are made from local raw materials, which are collected from still clean forests, swamps and the soil of the garden lands along Peipsi.<br \/>\nThe set includes: 2 different onion jams, cranberry jam, table sugar and Talusahvri herbal tea.<br \/>\nAll products are placed in a reusable basket and beautifully wrapped in cellophane.<\/p>\n","protected":false},"featured_media":28846,"template":"","meta":[],"product_brand":[],"product_cat":[15],"product_tag":[],"class_list":{"0":"post-55979","1":"product","2":"type-product","3":"status-publish","4":"has-post-thumbnail","6":"product_cat-maaratlemata","8":"first","9":"outofstock","10":"shipping-taxable","11":"purchasable","12":"product-type-simple"},"aioseo_notices":[],"_links":{"self":[{"href":"https:\/\/magasiait.ee\/en\/wp-json\/wp\/v2\/product\/55979","targetHints":{"allow":["GET"]}}],"collection":[{"href":"https:\/\/magasiait.ee\/en\/wp-json\/wp\/v2\/product"}],"about":[{"href":"https:\/\/magasiait.ee\/en\/wp-json\/wp\/v2\/types\/product"}],"wp:featuredmedia":[{"embeddable":true,"href":"https:\/\/magasiait.ee\/en\/wp-json\/wp\/v2\/media\/28846"}],"wp:attachment":[{"href":"https:\/\/magasiait.ee\/en\/wp-json\/wp\/v2\/media?parent=55979"}],"wp:term":[{"taxonomy":"product_brand","embeddable":true,"href":"https:\/\/magasiait.ee\/en\/wp-json\/wp\/v2\/product_brand?post=55979"},{"taxonomy":"product_cat","embeddable":true,"href":"https:\/\/magasiait.ee\/en\/wp-json\/wp\/v2\/product_cat?post=55979"},{"taxonomy":"product_tag","embeddable":true,"href":"https:\/\/magasiait.ee\/en\/wp-json\/wp\/v2\/product_tag?post=55979"}],"curies":[{"name":"wp","href":"https:\/\/api.w.org\/{rel}","templated":true}]}}