{"id":56712,"date":"2024-03-11T13:58:28","date_gmt":"2024-03-11T13:58:28","guid":{"rendered":"https:\/\/magasiait.ee\/toode\/puud-olid-puud-olid-hellad-velled-mats-traat-nr-951-2\/"},"modified":"2024-03-13T16:01:15","modified_gmt":"2024-03-13T16:01:15","slug":"puud-olid-puud-olid-hellad-velled-mats-traat-nr-951-2","status":"publish","type":"product","link":"https:\/\/magasiait.ee\/en\/product\/puud-olid-puud-olid-hellad-velled-mats-traat-nr-951-2\/","title":{"rendered":"&#8220;Puud olid, puud olid hellad velled&#8221; Mats Traat (nr 951)"},"content":{"rendered":"<p>Designer: J\u00fcri Kaarma<\/p>\n<p>Publisher: Eesti Raamat<br \/>City: Tallinn<br \/>Year: 1979<br \/>Original language: Estonian<br \/>Pages: 148<\/p>\n<p>Condition: slightly worn and soiled covers, slightly broken spine, contents present and in good order<\/p>\n<p>Dimensions: 134 \u00d7 171 mm.<br \/>Size: in small format, with hard covers<\/p>\n","protected":false},"excerpt":{"rendered":"<p>Romaani s\u00fcndmustik hargneb m\u00f6\u00f6dunud sajandi keskel eesti k\u00fclas. Ootamatult taluperemeheks saanud Hinnu ette kerkinud raskused teravdavad suhteid sulase Jaaguga ning viivad l\u00f5puks kaks meest kohtulaua ette. <\/p>\n","protected":false},"featured_media":56411,"template":"","meta":[],"product_brand":[],"product_cat":[15],"product_tag":[],"class_list":{"0":"post-56712","1":"product","2":"type-product","3":"status-publish","4":"has-post-thumbnail","6":"product_cat-maaratlemata","8":"first","9":"instock","10":"shipping-taxable","11":"purchasable","12":"product-type-simple"},"aioseo_notices":[],"_links":{"self":[{"href":"https:\/\/magasiait.ee\/en\/wp-json\/wp\/v2\/product\/56712","targetHints":{"allow":["GET"]}}],"collection":[{"href":"https:\/\/magasiait.ee\/en\/wp-json\/wp\/v2\/product"}],"about":[{"href":"https:\/\/magasiait.ee\/en\/wp-json\/wp\/v2\/types\/product"}],"wp:featuredmedia":[{"embeddable":true,"href":"https:\/\/magasiait.ee\/en\/wp-json\/wp\/v2\/media\/56411"}],"wp:attachment":[{"href":"https:\/\/magasiait.ee\/en\/wp-json\/wp\/v2\/media?parent=56712"}],"wp:term":[{"taxonomy":"product_brand","embeddable":true,"href":"https:\/\/magasiait.ee\/en\/wp-json\/wp\/v2\/product_brand?post=56712"},{"taxonomy":"product_cat","embeddable":true,"href":"https:\/\/magasiait.ee\/en\/wp-json\/wp\/v2\/product_cat?post=56712"},{"taxonomy":"product_tag","embeddable":true,"href":"https:\/\/magasiait.ee\/en\/wp-json\/wp\/v2\/product_tag?post=56712"}],"curies":[{"name":"wp","href":"https:\/\/api.w.org\/{rel}","templated":true}]}}