{"id":56716,"date":"2024-03-11T13:43:31","date_gmt":"2024-03-11T13:43:31","guid":{"rendered":"https:\/\/magasiait.ee\/toode\/maria-stuart-stefan-zweig-nr-948-2\/"},"modified":"2024-03-13T16:01:21","modified_gmt":"2024-03-13T16:01:21","slug":"maria-stuart-stefan-zweig-nr-948-2","status":"publish","type":"product","link":"https:\/\/magasiait.ee\/en\/product\/maria-stuart-stefan-zweig-nr-948-2\/","title":{"rendered":"&#8220;Maria Stuart&#8221; Stefan Zweig (nr 948)"},"content":{"rendered":"<p>Designer: Jaan Kl\u00f5\u0161eiko<br \/>Publisher: Eesti Raamat<br \/>City: Tallinn<br \/>Year: 1970<br \/>Original language: from German<br \/>Translator: Rein Sepp<br \/>Pages: 367<br \/>Condition: wrapping paper worn in places and broken at the edges, contents present and in good condition<br \/>Dimensions: 131 \u00d7 207<br \/>Size: standard format with hard cover<\/p>\n","protected":false},"excerpt":{"rendered":"<p>&#8220;Pole maailma ajaloos vist \u00fchtki teist naist, kes oleks aidanud k\u00fcpsusele nii palju kirjandust &#8211; draamasid, romaane, boigraafiaid, diskussioone. Enam kui kolme sajandi kestel on ta taas ja taas \u00e4ra meelitanud poeete ning tegevusse pannud \u00f5petlasi ja ikka veel sunnib ta kuju kahanematu j\u00f5uga uuesti end vormima. Sest k\u00f5iges selles, mis on segamini, peitub igatsus selgeks saada, ja selles, mis pime, igatsus valguse j\u00e4rele.&#8221;<\/p>\n<p>Pole maailma ajaloos vist \u00fchtki teist naist, kes oleks aidanud k\u00fcpsusele nii palju kirjandust &#8211; draamasid, romaane, boigraafiaid, diskussioone. Enam kui kolme sajandi kestel on ta taas ja taas \u00e4ra meelitanud poeete ning tegevusse pannud \u00f5petlasi ja ikka veel sunnib ta kuju kahanematu j\u00f5uga uuesti end vormima. Sest k\u00f5iges selles, mis on segamini, peitub igatsus selgeks saada, ja selles, mis pime, igatsus valguse j\u00e4rele.<\/p>\n","protected":false},"featured_media":56403,"template":"","meta":[],"product_brand":[],"product_cat":[15],"product_tag":[],"class_list":{"0":"post-56716","1":"product","2":"type-product","3":"status-publish","4":"has-post-thumbnail","6":"product_cat-maaratlemata","8":"first","9":"instock","10":"shipping-taxable","11":"purchasable","12":"product-type-simple"},"aioseo_notices":[],"_links":{"self":[{"href":"https:\/\/magasiait.ee\/en\/wp-json\/wp\/v2\/product\/56716","targetHints":{"allow":["GET"]}}],"collection":[{"href":"https:\/\/magasiait.ee\/en\/wp-json\/wp\/v2\/product"}],"about":[{"href":"https:\/\/magasiait.ee\/en\/wp-json\/wp\/v2\/types\/product"}],"wp:featuredmedia":[{"embeddable":true,"href":"https:\/\/magasiait.ee\/en\/wp-json\/wp\/v2\/media\/56403"}],"wp:attachment":[{"href":"https:\/\/magasiait.ee\/en\/wp-json\/wp\/v2\/media?parent=56716"}],"wp:term":[{"taxonomy":"product_brand","embeddable":true,"href":"https:\/\/magasiait.ee\/en\/wp-json\/wp\/v2\/product_brand?post=56716"},{"taxonomy":"product_cat","embeddable":true,"href":"https:\/\/magasiait.ee\/en\/wp-json\/wp\/v2\/product_cat?post=56716"},{"taxonomy":"product_tag","embeddable":true,"href":"https:\/\/magasiait.ee\/en\/wp-json\/wp\/v2\/product_tag?post=56716"}],"curies":[{"name":"wp","href":"https:\/\/api.w.org\/{rel}","templated":true}]}}