{"id":56718,"date":"2024-03-11T13:28:32","date_gmt":"2024-03-11T13:28:32","guid":{"rendered":"https:\/\/magasiait.ee\/toode\/noiutud-allikas-harri-jogisalu-nr-948-2\/"},"modified":"2024-03-13T16:01:24","modified_gmt":"2024-03-13T16:01:24","slug":"noiutud-allikas-harri-jogisalu-nr-948-2","status":"publish","type":"product","link":"https:\/\/magasiait.ee\/en\/product\/noiutud-allikas-harri-jogisalu-nr-948-2\/","title":{"rendered":"&#8220;N\u00f5iutud allikas&#8221; Harri J\u00f5gisalu (nr 948)"},"content":{"rendered":"<p>Publisher: Eesti Raamat<br \/>City: Tallinn<br \/>Year: 1974<br \/>Original language: Estonian<br \/>Pages: 131<br \/>Condition: Covers worn in places, contents in good condition<br \/>Size: standard format with soft cover.<\/p>\n","protected":false},"excerpt":{"rendered":"<p>Jutud eesti h\u00e4\u00e4buvast k\u00fclaelust, loodusest ja inimese vahekorrast sellega.<br \/>\nSisu:<br \/>\nEma \u00f5unapuu<br \/>\n\u00dcks v\u00e4ratus<br \/>\nKangelastegu<br \/>\nNaeratus<br \/>\nUnistuste linnud<\/p>\n","protected":false},"featured_media":56399,"template":"","meta":[],"product_brand":[],"product_cat":[15],"product_tag":[],"class_list":{"0":"post-56718","1":"product","2":"type-product","3":"status-publish","4":"has-post-thumbnail","6":"product_cat-maaratlemata","8":"first","9":"instock","10":"shipping-taxable","11":"purchasable","12":"product-type-simple"},"aioseo_notices":[],"_links":{"self":[{"href":"https:\/\/magasiait.ee\/en\/wp-json\/wp\/v2\/product\/56718","targetHints":{"allow":["GET"]}}],"collection":[{"href":"https:\/\/magasiait.ee\/en\/wp-json\/wp\/v2\/product"}],"about":[{"href":"https:\/\/magasiait.ee\/en\/wp-json\/wp\/v2\/types\/product"}],"wp:featuredmedia":[{"embeddable":true,"href":"https:\/\/magasiait.ee\/en\/wp-json\/wp\/v2\/media\/56399"}],"wp:attachment":[{"href":"https:\/\/magasiait.ee\/en\/wp-json\/wp\/v2\/media?parent=56718"}],"wp:term":[{"taxonomy":"product_brand","embeddable":true,"href":"https:\/\/magasiait.ee\/en\/wp-json\/wp\/v2\/product_brand?post=56718"},{"taxonomy":"product_cat","embeddable":true,"href":"https:\/\/magasiait.ee\/en\/wp-json\/wp\/v2\/product_cat?post=56718"},{"taxonomy":"product_tag","embeddable":true,"href":"https:\/\/magasiait.ee\/en\/wp-json\/wp\/v2\/product_tag?post=56718"}],"curies":[{"name":"wp","href":"https:\/\/api.w.org\/{rel}","templated":true}]}}