{"id":57510,"date":"2024-03-25T11:06:01","date_gmt":"2024-03-25T11:06:01","guid":{"rendered":"https:\/\/magasiait.ee\/toode\/tuuled-puhuvad-vaimudemaelt-ei-lahe-korvalteed-trygve-gulbranssen-nr-967-2\/"},"modified":"2024-03-26T16:00:50","modified_gmt":"2024-03-26T16:00:50","slug":"tuuled-puhuvad-vaimudemaelt-ei-lahe-korvalteed-trygve-gulbranssen-nr-967-2","status":"publish","type":"product","link":"https:\/\/magasiait.ee\/en\/product\/tuuled-puhuvad-vaimudemaelt-ei-lahe-korvalteed-trygve-gulbranssen-nr-967-2\/","title":{"rendered":"&#8220;Tuuled puhuvad vaimudem\u00e4elt. Ei l\u00e4he k\u00f5rvalteed.&#8221; Trygve Gulbranssen (nr 967)"},"content":{"rendered":"<p>Publisher: Eesti Raamat<br \/>City: Tallinn<br \/>Year: 1992<br \/>Original language: Norwegian<br \/>Translator: Agnes Antik<br \/>Pages: 304<\/p>\n<p>Condition: slightly worn covers, contents in good condition<\/p>\n<p>Dimensions: 139 \u00d7 209 mm<br \/>Size: standard format, with soft covers<\/p>\n","protected":false},"excerpt":{"rendered":"<p>The second and third book of the Norwegian writer Trygve Gulbranssen&#8217;s novel trilogy, the sequel to the already familiar &#8220;Ja taamal laulavad mesat&#8221; to the Estonian reader, in which the author continues to depict the life of the proud Bj\u00f8rndal highland farm.<\/p>\n<p>Language: Estonian<\/p>\n","protected":false},"featured_media":57349,"template":"","meta":[],"product_brand":[],"product_cat":[15],"product_tag":[],"class_list":{"0":"post-57510","1":"product","2":"type-product","3":"status-publish","4":"has-post-thumbnail","6":"product_cat-maaratlemata","8":"first","9":"outofstock","10":"shipping-taxable","11":"purchasable","12":"product-type-simple"},"aioseo_notices":[],"_links":{"self":[{"href":"https:\/\/magasiait.ee\/en\/wp-json\/wp\/v2\/product\/57510","targetHints":{"allow":["GET"]}}],"collection":[{"href":"https:\/\/magasiait.ee\/en\/wp-json\/wp\/v2\/product"}],"about":[{"href":"https:\/\/magasiait.ee\/en\/wp-json\/wp\/v2\/types\/product"}],"wp:featuredmedia":[{"embeddable":true,"href":"https:\/\/magasiait.ee\/en\/wp-json\/wp\/v2\/media\/57349"}],"wp:attachment":[{"href":"https:\/\/magasiait.ee\/en\/wp-json\/wp\/v2\/media?parent=57510"}],"wp:term":[{"taxonomy":"product_brand","embeddable":true,"href":"https:\/\/magasiait.ee\/en\/wp-json\/wp\/v2\/product_brand?post=57510"},{"taxonomy":"product_cat","embeddable":true,"href":"https:\/\/magasiait.ee\/en\/wp-json\/wp\/v2\/product_cat?post=57510"},{"taxonomy":"product_tag","embeddable":true,"href":"https:\/\/magasiait.ee\/en\/wp-json\/wp\/v2\/product_tag?post=57510"}],"curies":[{"name":"wp","href":"https:\/\/api.w.org\/{rel}","templated":true}]}}