{"id":57512,"date":"2024-03-25T10:51:08","date_gmt":"2024-03-25T10:51:08","guid":{"rendered":"https:\/\/magasiait.ee\/toode\/lahenevad-rannad-reisid-130-ja-160-meridiaani-vahel-kamtsatkast-lennart-meri-nr-966-2\/"},"modified":"2024-03-26T16:00:52","modified_gmt":"2024-03-26T16:00:52","slug":"lahenevad-rannad-reisid-130-ja-160-meridiaani-vahel-kamtsatkast-lennart-meri-nr-966-2","status":"publish","type":"product","link":"https:\/\/magasiait.ee\/en\/product\/lahenevad-rannad-reisid-130-ja-160-meridiaani-vahel-kamtsatkast-lennart-meri-nr-966-2\/","title":{"rendered":"&#8220;L\u00e4henevad rannad.&#8221; Reisid 130. ja 160. meridiaani vahel (Kamt\u0161atkast) Lennart Meri (nr 966)"},"content":{"rendered":"<p>Designer: Vaike P\u00e4\u00e4suke<\/p>\n<p>Publisher: Eesti Raamat<br \/>City: Tallinn<br \/>Year: 1977<br \/>Original language:<br \/>Pages: 416<\/p>\n<p>Condition: Cover paper and back cover badly damaged, overall good book.<\/p>\n<p>Dimensions: 139 \u00d7 208 mm<br \/>Size: standard format, with hard covers.<\/p>\n","protected":false},"excerpt":{"rendered":"<p>In a four dimensional world<br \/>\nAt the window and at the gate<br \/>\nCradle of the winds<br \/>\nThe penultimate second<br \/>\nBurnt stones<br \/>\nOne and the other, also tragic<br \/>\nOn the empty shore of the ocean<br \/>\nFrom yesterday to tomorrow<br \/>\nHot waterfalls<br \/>\nAt a crossroads<br \/>\nWe remain in debt<br \/>\nJulia&#8217;s drum<\/p>\n<p>Includes 2 newspaper articles that mention this book.<br \/>\nLanguage: Estonian<\/p>\n","protected":false},"featured_media":57345,"template":"","meta":[],"product_brand":[],"product_cat":[15],"product_tag":[],"class_list":{"0":"post-57512","1":"product","2":"type-product","3":"status-publish","4":"has-post-thumbnail","6":"product_cat-maaratlemata","8":"first","9":"instock","10":"shipping-taxable","11":"purchasable","12":"product-type-simple"},"aioseo_notices":[],"_links":{"self":[{"href":"https:\/\/magasiait.ee\/en\/wp-json\/wp\/v2\/product\/57512","targetHints":{"allow":["GET"]}}],"collection":[{"href":"https:\/\/magasiait.ee\/en\/wp-json\/wp\/v2\/product"}],"about":[{"href":"https:\/\/magasiait.ee\/en\/wp-json\/wp\/v2\/types\/product"}],"wp:featuredmedia":[{"embeddable":true,"href":"https:\/\/magasiait.ee\/en\/wp-json\/wp\/v2\/media\/57345"}],"wp:attachment":[{"href":"https:\/\/magasiait.ee\/en\/wp-json\/wp\/v2\/media?parent=57512"}],"wp:term":[{"taxonomy":"product_brand","embeddable":true,"href":"https:\/\/magasiait.ee\/en\/wp-json\/wp\/v2\/product_brand?post=57512"},{"taxonomy":"product_cat","embeddable":true,"href":"https:\/\/magasiait.ee\/en\/wp-json\/wp\/v2\/product_cat?post=57512"},{"taxonomy":"product_tag","embeddable":true,"href":"https:\/\/magasiait.ee\/en\/wp-json\/wp\/v2\/product_tag?post=57512"}],"curies":[{"name":"wp","href":"https:\/\/api.w.org\/{rel}","templated":true}]}}