{"id":57556,"date":"2024-03-25T13:06:01","date_gmt":"2024-03-25T13:06:01","guid":{"rendered":"https:\/\/magasiait.ee\/toode\/uksi-randan-mats-traat-nr-972-2\/"},"modified":"2024-03-27T16:00:46","modified_gmt":"2024-03-27T16:00:46","slug":"uksi-randan-mats-traat-nr-972-2","status":"publish","type":"product","link":"https:\/\/magasiait.ee\/en\/product\/uksi-randan-mats-traat-nr-972-2\/","title":{"rendered":"&#8220;\u00dcksi r\u00e4ndan&#8221; Mats Traat (nr. 972)"},"content":{"rendered":"<p>Designer: J\u00fcri Kaarma<\/p>\n<p>Publisher: Eesti Raamat<br \/>City: Tallinn<br \/>Year: 1985<br \/>Original language:<br \/>Pages: 304<\/p>\n<p>Condition: book in good condition<\/p>\n<p>Dimensions: 140 \u00d7 215 mm<br \/>Size: standard format, with hard covers<\/p>\n","protected":false},"excerpt":{"rendered":"<p>The story of a young man from a bourgeois educated family finding his place in a working class environment.<br \/>\nThe novel takes place in a small metal workshop at the beginning of the fifties.<br \/>\nLanguage: Estonian<\/p>\n","protected":false},"featured_media":57368,"template":"","meta":[],"product_brand":[],"product_cat":[15],"product_tag":[],"class_list":{"0":"post-57556","1":"product","2":"type-product","3":"status-publish","4":"has-post-thumbnail","6":"product_cat-maaratlemata","8":"first","9":"instock","10":"shipping-taxable","11":"purchasable","12":"product-type-simple"},"aioseo_notices":[],"_links":{"self":[{"href":"https:\/\/magasiait.ee\/en\/wp-json\/wp\/v2\/product\/57556","targetHints":{"allow":["GET"]}}],"collection":[{"href":"https:\/\/magasiait.ee\/en\/wp-json\/wp\/v2\/product"}],"about":[{"href":"https:\/\/magasiait.ee\/en\/wp-json\/wp\/v2\/types\/product"}],"wp:featuredmedia":[{"embeddable":true,"href":"https:\/\/magasiait.ee\/en\/wp-json\/wp\/v2\/media\/57368"}],"wp:attachment":[{"href":"https:\/\/magasiait.ee\/en\/wp-json\/wp\/v2\/media?parent=57556"}],"wp:term":[{"taxonomy":"product_brand","embeddable":true,"href":"https:\/\/magasiait.ee\/en\/wp-json\/wp\/v2\/product_brand?post=57556"},{"taxonomy":"product_cat","embeddable":true,"href":"https:\/\/magasiait.ee\/en\/wp-json\/wp\/v2\/product_cat?post=57556"},{"taxonomy":"product_tag","embeddable":true,"href":"https:\/\/magasiait.ee\/en\/wp-json\/wp\/v2\/product_tag?post=57556"}],"curies":[{"name":"wp","href":"https:\/\/api.w.org\/{rel}","templated":true}]}}