{"id":58415,"date":"2024-04-02T12:31:05","date_gmt":"2024-04-02T12:31:05","guid":{"rendered":"https:\/\/magasiait.ee\/toode\/ameerika-tragoodia-2-theodore-dreiser-nr-986-2\/"},"modified":"2024-04-04T15:00:44","modified_gmt":"2024-04-04T15:00:44","slug":"ameerika-tragoodia-2-theodore-dreiser-nr-986-2","status":"publish","type":"product","link":"https:\/\/magasiait.ee\/en\/product\/ameerika-tragoodia-2-theodore-dreiser-nr-986-2\/","title":{"rendered":"&#8220;Ameerika trag\u00f6\u00f6dia&#8221; 2 Theodore Dreiser (nr 986)"},"content":{"rendered":"<p>Designer: J\u00fcri Kaarma<\/p>\n<p>Publisher: Eesti Raamat<br \/>City: Tallinn<br \/>Year: 1986<br \/>Original language: English<br \/>Pages: 304<\/p>\n<p>Condition: Good book<\/p>\n<p>Dimensions: 145 \u00d7 220 mm<br \/>Size: standard format, with hard covers<\/p>\n","protected":false},"excerpt":{"rendered":"<p>Reprint of the socially critical novel by the American writer Theodore Dreiser (1871-1945).<br \/>\nOriginal title American tragedy.<br \/>\nLanguage: Estonian<\/p>\n","protected":false},"featured_media":58224,"template":"","meta":[],"product_brand":[],"product_cat":[15],"product_tag":[],"class_list":{"0":"post-58415","1":"product","2":"type-product","3":"status-publish","4":"has-post-thumbnail","6":"product_cat-maaratlemata","8":"first","9":"instock","10":"shipping-taxable","11":"purchasable","12":"product-type-simple"},"aioseo_notices":[],"_links":{"self":[{"href":"https:\/\/magasiait.ee\/en\/wp-json\/wp\/v2\/product\/58415","targetHints":{"allow":["GET"]}}],"collection":[{"href":"https:\/\/magasiait.ee\/en\/wp-json\/wp\/v2\/product"}],"about":[{"href":"https:\/\/magasiait.ee\/en\/wp-json\/wp\/v2\/types\/product"}],"wp:featuredmedia":[{"embeddable":true,"href":"https:\/\/magasiait.ee\/en\/wp-json\/wp\/v2\/media\/58224"}],"wp:attachment":[{"href":"https:\/\/magasiait.ee\/en\/wp-json\/wp\/v2\/media?parent=58415"}],"wp:term":[{"taxonomy":"product_brand","embeddable":true,"href":"https:\/\/magasiait.ee\/en\/wp-json\/wp\/v2\/product_brand?post=58415"},{"taxonomy":"product_cat","embeddable":true,"href":"https:\/\/magasiait.ee\/en\/wp-json\/wp\/v2\/product_cat?post=58415"},{"taxonomy":"product_tag","embeddable":true,"href":"https:\/\/magasiait.ee\/en\/wp-json\/wp\/v2\/product_tag?post=58415"}],"curies":[{"name":"wp","href":"https:\/\/api.w.org\/{rel}","templated":true}]}}