{"id":59278,"date":"2024-04-12T10:03:35","date_gmt":"2024-04-12T10:03:35","guid":{"rendered":"https:\/\/magasiait.ee\/toode\/magasiaida-talusahver-jam-with-onion-cranberries-and-ginger-syrup-a-treat-for-the-old-believers-sibulka-136-ml\/"},"modified":"2024-04-13T15:00:49","modified_gmt":"2024-04-13T15:00:49","slug":"magasiaida-talusahver-jam-with-onion-cranberries-and-ginger-syrup-a-treat-for-the-old-believers-sibulka-136-ml","status":"publish","type":"product","link":"https:\/\/magasiait.ee\/en\/product\/magasiaida-talusahver-jam-with-onion-cranberries-and-ginger-syrup-a-treat-for-the-old-believers-sibulka-136-ml\/","title":{"rendered":"Magasiaida Talusahver jam with onion, cranberries and ginger syrup &#8220;A treat for the Old Believers Sibulka&#8221; 136 ml."},"content":{"rendered":"<figure class=\"image image_resized\" style=\"width:13.16%\"><img decoding=\"async\" src=\"https:\/\/cdn.erply.com\/assets\/500235\/file\/p1oVGxfqdEqViOZmPhvn1usTJjn2yfEZJkQGAUJVTYDVam8ykc.png\"><\/figure>\n<p>Estonian<\/p>\n<p>Nutritional information:<\/p>\n<p>100g of product contains: energy 925kJ\/218kcal, fats 0.83g, of which saturated fatty acids 0.5g, carbohydrates 50g, sugars 48g, proteins 1.4g, salt 0.5g.<\/p>\n<p>Manufacturer: Magasiait O\u00dc, Lillekivi, Peatskivi village, Peipsi\u00e4\u00e4re parish, Tartu county 60201.<\/p>\n<p>After opening, store in the refrigerator and consume within a week.&nbsp;<\/p>\n","protected":false},"excerpt":{"rendered":"<p>A crunchy treat to add to cheese, ice cream or fried food.<br \/>\nIngredients: onion (50%), sugar, cranberries (19%), ginger syrup, caramel syrup, salt.<\/p>\n<p>Net volume: 136 ml<\/p>\n<p>Made from 50 g of onion per 100 g of product<\/p>\n<p>Total sugar content: 36 g per 100 g.<\/p>\n","protected":false},"featured_media":59029,"template":"","meta":[],"product_brand":[],"product_cat":[15],"product_tag":[],"class_list":{"0":"post-59278","1":"product","2":"type-product","3":"status-publish","4":"has-post-thumbnail","6":"product_cat-maaratlemata","8":"first","9":"outofstock","10":"shipping-taxable","11":"purchasable","12":"product-type-simple"},"aioseo_notices":[],"_links":{"self":[{"href":"https:\/\/magasiait.ee\/en\/wp-json\/wp\/v2\/product\/59278","targetHints":{"allow":["GET"]}}],"collection":[{"href":"https:\/\/magasiait.ee\/en\/wp-json\/wp\/v2\/product"}],"about":[{"href":"https:\/\/magasiait.ee\/en\/wp-json\/wp\/v2\/types\/product"}],"wp:featuredmedia":[{"embeddable":true,"href":"https:\/\/magasiait.ee\/en\/wp-json\/wp\/v2\/media\/59029"}],"wp:attachment":[{"href":"https:\/\/magasiait.ee\/en\/wp-json\/wp\/v2\/media?parent=59278"}],"wp:term":[{"taxonomy":"product_brand","embeddable":true,"href":"https:\/\/magasiait.ee\/en\/wp-json\/wp\/v2\/product_brand?post=59278"},{"taxonomy":"product_cat","embeddable":true,"href":"https:\/\/magasiait.ee\/en\/wp-json\/wp\/v2\/product_cat?post=59278"},{"taxonomy":"product_tag","embeddable":true,"href":"https:\/\/magasiait.ee\/en\/wp-json\/wp\/v2\/product_tag?post=59278"}],"curies":[{"name":"wp","href":"https:\/\/api.w.org\/{rel}","templated":true}]}}