{"id":63461,"date":"2023-10-31T20:02:18","date_gmt":"2023-10-31T20:02:18","guid":{"rendered":"https:\/\/magasiait.ee\/toode\/talusavri-boiled-sugar-from-heart-60-g\/"},"modified":"2024-06-28T15:00:35","modified_gmt":"2024-06-28T15:00:35","slug":"talusavri-boiled-sugar-from-heart-60-g","status":"publish","type":"product","link":"https:\/\/magasiait.ee\/en\/product\/talusavri-boiled-sugar-from-heart-60-g\/","title":{"rendered":"Talusavri boiled sugar &#8220;From heart&#8221; 60 g."},"content":{"rendered":"<figure class=\"image image_resized\" style=\"width:11.73%\"><img decoding=\"async\" src=\"https:\/\/cdn.erply.com\/files\/500235\/dVP4pF1yaYmi7RKQKTJC8JqYgleVBVO8e2SxKWhpunP2BvTOUD.png\"><\/figure>\n<p>Ingredients: sugar (77%), <strong><u>milk, butter.&nbsp;<\/u><\/strong><\/p>\n<p>Nutritional information: 100g of product contains: energy 1740kJ\/410kcal, fats 3.8g, of which saturated fatty acids 2.3g, carbohydrates 93g, of which sugars 93g, proteins 0.8g, salt 0.03g.<br \/>Manufacturer: Magasiait O\u00dc, Lillekivi, Peatskivi village, Peipsi\u00e4\u00e4re parish, Tartu county 60216<\/p>\n","protected":false},"excerpt":{"rendered":"<p>An Old Believer treat that is poked into the cheek while drinking tea and allowed to slowly melt.<br \/>\nSo piece by piece until the sip is enough.<\/p>\n<p>NB: CONTAINS ALLERGENS<\/p>\n","protected":false},"featured_media":63387,"template":"","meta":[],"product_brand":[],"product_cat":[982,1129],"product_tag":[],"class_list":{"0":"post-63461","1":"product","2":"type-product","3":"status-publish","4":"has-post-thumbnail","6":"product_cat-maiustused-en","7":"product_cat-magasiait-en","9":"first","10":"instock","11":"shipping-taxable","12":"purchasable","13":"product-type-simple"},"aioseo_notices":[],"_links":{"self":[{"href":"https:\/\/magasiait.ee\/en\/wp-json\/wp\/v2\/product\/63461","targetHints":{"allow":["GET"]}}],"collection":[{"href":"https:\/\/magasiait.ee\/en\/wp-json\/wp\/v2\/product"}],"about":[{"href":"https:\/\/magasiait.ee\/en\/wp-json\/wp\/v2\/types\/product"}],"wp:featuredmedia":[{"embeddable":true,"href":"https:\/\/magasiait.ee\/en\/wp-json\/wp\/v2\/media\/63387"}],"wp:attachment":[{"href":"https:\/\/magasiait.ee\/en\/wp-json\/wp\/v2\/media?parent=63461"}],"wp:term":[{"taxonomy":"product_brand","embeddable":true,"href":"https:\/\/magasiait.ee\/en\/wp-json\/wp\/v2\/product_brand?post=63461"},{"taxonomy":"product_cat","embeddable":true,"href":"https:\/\/magasiait.ee\/en\/wp-json\/wp\/v2\/product_cat?post=63461"},{"taxonomy":"product_tag","embeddable":true,"href":"https:\/\/magasiait.ee\/en\/wp-json\/wp\/v2\/product_tag?post=63461"}],"curies":[{"name":"wp","href":"https:\/\/api.w.org\/{rel}","templated":true}]}}