{"id":68046,"date":"2023-10-31T18:56:16","date_gmt":"2023-10-31T18:56:16","guid":{"rendered":"https:\/\/magasiait.ee\/toode\/magasiaida-talusahvri-rhubarb-sauce-enchanted-rhubarb-from-onion-route-220-ml-2\/"},"modified":"2024-10-19T15:00:18","modified_gmt":"2024-10-19T15:00:18","slug":"magasiaida-talusahvri-rhubarb-sauce-enchanted-rhubarb-from-onion-route-220-ml-2","status":"publish","type":"product","link":"https:\/\/magasiait.ee\/en\/product\/magasiaida-talusahvri-rhubarb-sauce-enchanted-rhubarb-from-onion-route-220-ml-2\/","title":{"rendered":"Magasiaida Talusahvri rhubarb sauce &#8220;Enchanted Rhubarb from Onion Route&#8221; 220 ml"},"content":{"rendered":"<figure class=\"image image_resized\" style=\"width:13.04%\"><img decoding=\"async\" src=\"https:\/\/cdn.erply.com\/files\/500235\/Pd18xVIHAkIoTty1tJZNjHxspootHzPr5NTPT77Zo4d38A5l4Q.png\"><\/figure>\n<p>Estonian<\/p>\n<p>Nutritional information: 100g product contains: energy 506kJ\/119kcal, fats 0.063g, of which saturated fatty acids 0.007g, carbohydrates 28.4g, sugars 28.2g, proteins 0.4g, salt 0.28g.<\/p>\n<p>&nbsp;Manufacturer: Magasiait O\u00dc, Lillekivi, Peatskivi village, Peipsi\u00e4\u00e4re parish, Tartu county 60201.&nbsp;<\/p>\n","protected":false},"excerpt":{"rendered":"<p>Pleasantly sour, slightly spicy.<br \/>\nRhubarb sauce with an onion nuance, which goes wonderfully with various cheeses, as well as with meat dishes.<br \/>\nIngredients: rhubarb (33%), unrefined cane sugar, red onion, chili pepper, apple cider vinegar, water, ground black pepper, ground cinnamon, salt.<\/p>\n","protected":false},"featured_media":24620,"template":"","meta":[],"product_brand":[],"product_cat":[],"product_tag":[],"class_list":{"0":"post-68046","1":"product","2":"type-product","3":"status-publish","4":"has-post-thumbnail","7":"first","8":"instock","9":"shipping-taxable","10":"purchasable","11":"product-type-simple"},"aioseo_notices":[],"_links":{"self":[{"href":"https:\/\/magasiait.ee\/en\/wp-json\/wp\/v2\/product\/68046","targetHints":{"allow":["GET"]}}],"collection":[{"href":"https:\/\/magasiait.ee\/en\/wp-json\/wp\/v2\/product"}],"about":[{"href":"https:\/\/magasiait.ee\/en\/wp-json\/wp\/v2\/types\/product"}],"wp:featuredmedia":[{"embeddable":true,"href":"https:\/\/magasiait.ee\/en\/wp-json\/wp\/v2\/media\/24620"}],"wp:attachment":[{"href":"https:\/\/magasiait.ee\/en\/wp-json\/wp\/v2\/media?parent=68046"}],"wp:term":[{"taxonomy":"product_brand","embeddable":true,"href":"https:\/\/magasiait.ee\/en\/wp-json\/wp\/v2\/product_brand?post=68046"},{"taxonomy":"product_cat","embeddable":true,"href":"https:\/\/magasiait.ee\/en\/wp-json\/wp\/v2\/product_cat?post=68046"},{"taxonomy":"product_tag","embeddable":true,"href":"https:\/\/magasiait.ee\/en\/wp-json\/wp\/v2\/product_tag?post=68046"}],"curies":[{"name":"wp","href":"https:\/\/api.w.org\/{rel}","templated":true}]}}