{"id":68049,"date":"2023-10-31T20:00:23","date_gmt":"2023-10-31T20:00:23","guid":{"rendered":"https:\/\/magasiait.ee\/toode\/magasiaida-farmhouse-dark-rhubarb-220-ml-2\/"},"modified":"2024-10-19T15:00:21","modified_gmt":"2024-10-19T15:00:21","slug":"magasiaida-farmhouse-dark-rhubarb-220-ml-2","status":"publish","type":"product","link":"https:\/\/magasiait.ee\/en\/product\/magasiaida-farmhouse-dark-rhubarb-220-ml-2\/","title":{"rendered":"Magasiaida Farmhouse &#8220;Dark Rhubarb&#8221; 220 ml."},"content":{"rendered":"<figure class=\"image image_resized\" style=\"width:13.9%\"><img decoding=\"async\" src=\"https:\/\/cdn.erply.com\/files\/500235\/4WiNlgmZwgPSwMjRoTErDwKgcQR9zJP41hnXUs3GikfDLjfeox.png\"><\/figure>\n<p>Estonian<\/p>\n<p>Nutritional information: 100g product contains: energy 715kJ\/169kcal, fats 0.25g, of which saturated fatty acids 0.01g, carbohydrates 40g, sugars 39g, proteins 0.4g, salt 0.01g.<\/p>\n<p>Made with 34g of rhubarb and 32g of chokeberries per 100g product.<\/p>\n<p>Total sugar content: 34g per 100g.<\/p>\n<p>&nbsp;Manufacturer: Magasiait O\u00dc, Lillekivi, Peatskivi village, Peipsi\u00e4\u00e4re parish, Tartu county 60201.&nbsp;<\/p>\n","protected":false},"excerpt":{"rendered":"<p>Rhubarb chokeberry jam.<br \/>\nIt tastes good with both vanilla ice cream and pancakes.<br \/>\nA favorite of the whole family!<\/p>\n<p>Ingredients: rhubarb (34%), chokeberry (32%), sugar.<br \/>\nNet quantity: 220 ml.<br \/>\nMade with love!<\/p>\n","protected":false},"featured_media":31254,"template":"","meta":[],"product_brand":[],"product_cat":[674,1129],"product_tag":[],"class_list":{"0":"post-68049","1":"product","2":"type-product","3":"status-publish","4":"has-post-thumbnail","6":"product_cat-jams-en","7":"product_cat-magasiait-en","9":"first","10":"instock","11":"shipping-taxable","12":"purchasable","13":"product-type-simple"},"aioseo_notices":[],"_links":{"self":[{"href":"https:\/\/magasiait.ee\/en\/wp-json\/wp\/v2\/product\/68049","targetHints":{"allow":["GET"]}}],"collection":[{"href":"https:\/\/magasiait.ee\/en\/wp-json\/wp\/v2\/product"}],"about":[{"href":"https:\/\/magasiait.ee\/en\/wp-json\/wp\/v2\/types\/product"}],"wp:featuredmedia":[{"embeddable":true,"href":"https:\/\/magasiait.ee\/en\/wp-json\/wp\/v2\/media\/31254"}],"wp:attachment":[{"href":"https:\/\/magasiait.ee\/en\/wp-json\/wp\/v2\/media?parent=68049"}],"wp:term":[{"taxonomy":"product_brand","embeddable":true,"href":"https:\/\/magasiait.ee\/en\/wp-json\/wp\/v2\/product_brand?post=68049"},{"taxonomy":"product_cat","embeddable":true,"href":"https:\/\/magasiait.ee\/en\/wp-json\/wp\/v2\/product_cat?post=68049"},{"taxonomy":"product_tag","embeddable":true,"href":"https:\/\/magasiait.ee\/en\/wp-json\/wp\/v2\/product_tag?post=68049"}],"curies":[{"name":"wp","href":"https:\/\/api.w.org\/{rel}","templated":true}]}}