{"id":68053,"date":"2023-10-31T19:31:08","date_gmt":"2023-10-31T19:31:08","guid":{"rendered":"https:\/\/magasiait.ee\/toode\/magasiaida-talusahvri-plum-jam-with-cocoa-big-brother-jam-220-ml-2\/"},"modified":"2024-10-19T15:00:25","modified_gmt":"2024-10-19T15:00:25","slug":"magasiaida-talusahvri-plum-jam-with-cocoa-big-brother-jam-220-ml-2","status":"publish","type":"product","link":"https:\/\/magasiait.ee\/en\/product\/magasiaida-talusahvri-plum-jam-with-cocoa-big-brother-jam-220-ml-2\/","title":{"rendered":"Magasiaida Talusahvri plum jam with cocoa &#8220;Big brother jam&#8221; 220 ml"},"content":{"rendered":"<figure class=\"image image_resized\" style=\"width:13.11%\"><img decoding=\"async\" src=\"https:\/\/cdn.erply.com\/files\/500235\/Og1LOUgpGQZnnY8lUWCApuzZW5GWrgpRptYN2ysidw5mhLCTBa.png\"><\/figure>\n<p>Estonian<\/p>\n<p>Nutritional information:<br \/>100g of product contains: energy 874 kJ\/206 kcal, fats 0.5 g, of which saturated fatty acids 0.2 g, carbohydrates 49 g, sugars 48 g, proteins 0.5 g, salt 0.006 g.<br \/>Manufacturer: Magasiait O\u00dc, Lillekivi, Peatskivi village, Peipsi\u00e4\u00e4re parish, Tartu county, 60201.<\/p>\n<p>After opening, store in the refrigerator and consume within a week.&nbsp;<\/p>\n","protected":false},"excerpt":{"rendered":"<p>Pleasantly dark plum jam.<br \/>\nA favorite of both big and small sweet tooth.<br \/>\nEven eat it straight from the jar with a spoon!<br \/>\nIngredients: plum, sugar, cocoa.<br \/>\nNet quantity: 220 ml<br \/>\nMade with love!<br \/>\nMade from 55g plums per 100g product.<br \/>\nTotal sugar content 43g per 100g.<br \/>\nNB: if you want larger quantities, please notify us at least 30 days in advance.<\/p>\n","protected":false},"featured_media":28282,"template":"","meta":[],"product_brand":[],"product_cat":[674,1129],"product_tag":[],"class_list":{"0":"post-68053","1":"product","2":"type-product","3":"status-publish","4":"has-post-thumbnail","6":"product_cat-jams-en","7":"product_cat-magasiait-en","9":"first","10":"instock","11":"shipping-taxable","12":"purchasable","13":"product-type-simple"},"aioseo_notices":[],"_links":{"self":[{"href":"https:\/\/magasiait.ee\/en\/wp-json\/wp\/v2\/product\/68053","targetHints":{"allow":["GET"]}}],"collection":[{"href":"https:\/\/magasiait.ee\/en\/wp-json\/wp\/v2\/product"}],"about":[{"href":"https:\/\/magasiait.ee\/en\/wp-json\/wp\/v2\/types\/product"}],"wp:featuredmedia":[{"embeddable":true,"href":"https:\/\/magasiait.ee\/en\/wp-json\/wp\/v2\/media\/28282"}],"wp:attachment":[{"href":"https:\/\/magasiait.ee\/en\/wp-json\/wp\/v2\/media?parent=68053"}],"wp:term":[{"taxonomy":"product_brand","embeddable":true,"href":"https:\/\/magasiait.ee\/en\/wp-json\/wp\/v2\/product_brand?post=68053"},{"taxonomy":"product_cat","embeddable":true,"href":"https:\/\/magasiait.ee\/en\/wp-json\/wp\/v2\/product_cat?post=68053"},{"taxonomy":"product_tag","embeddable":true,"href":"https:\/\/magasiait.ee\/en\/wp-json\/wp\/v2\/product_tag?post=68053"}],"curies":[{"name":"wp","href":"https:\/\/api.w.org\/{rel}","templated":true}]}}