{"id":68055,"date":"2023-10-31T19:16:09","date_gmt":"2023-10-31T19:16:09","guid":{"rendered":"https:\/\/magasiait.ee\/toode\/magasiaida-talusahvri-apple-jam-christmas-morning-210-ml-2\/"},"modified":"2024-10-19T15:00:27","modified_gmt":"2024-10-19T15:00:27","slug":"magasiaida-talusahvri-apple-jam-christmas-morning-210-ml-2","status":"publish","type":"product","link":"https:\/\/magasiait.ee\/en\/product\/magasiaida-talusahvri-apple-jam-christmas-morning-210-ml-2\/","title":{"rendered":"Magasiaida Talusahvri apple jam &#8220;Christmas morning&#8221; 210 ml"},"content":{"rendered":"<figure class=\"image image_resized\" style=\"width:12.89%\"><img decoding=\"async\" src=\"https:\/\/cdn.erply.com\/files\/500235\/tHhRLBpTxL1Q28PmhVOd9ejupslgRbWrBSqF2Oq7iMtg3Gc0Lx.png\"><\/figure>\n<p>Estonian<\/p>\n<p>Made from 85g apples per 100g product.<\/p>\n<p>Total sugar content 30g per 100g. Nutritional information:<\/p>\n<p>100g of product contains: energy 702 kJ\/165 kcal, fats 0.1 g, of which saturated fatty acids 0.037 g, carbohydrates 41 g, sugars 38 g, proteins 0.2 g, salt 0.001 g.<\/p>\n<p>Manufacturer: Magasiait O\u00dc, Lillekivi, Peatskivi village, Peipsi\u00e4\u00e4re parish, Tartu county 60201.<\/p>\n","protected":false},"excerpt":{"rendered":"<p>Gingerbread apple jam!<br \/>\nSo that you can enjoy Christmas flavors all year round.<br \/>\nIngredients: apple (86%), sugar, water, gingerbread flavoring.<br \/>\nNet quantity: 210 g<br \/>\nMade with love!<\/p>\n","protected":false},"featured_media":26753,"template":"","meta":[],"product_brand":[],"product_cat":[],"product_tag":[],"class_list":{"0":"post-68055","1":"product","2":"type-product","3":"status-publish","4":"has-post-thumbnail","7":"first","8":"outofstock","9":"shipping-taxable","10":"purchasable","11":"product-type-simple"},"aioseo_notices":[],"_links":{"self":[{"href":"https:\/\/magasiait.ee\/en\/wp-json\/wp\/v2\/product\/68055","targetHints":{"allow":["GET"]}}],"collection":[{"href":"https:\/\/magasiait.ee\/en\/wp-json\/wp\/v2\/product"}],"about":[{"href":"https:\/\/magasiait.ee\/en\/wp-json\/wp\/v2\/types\/product"}],"wp:featuredmedia":[{"embeddable":true,"href":"https:\/\/magasiait.ee\/en\/wp-json\/wp\/v2\/media\/26753"}],"wp:attachment":[{"href":"https:\/\/magasiait.ee\/en\/wp-json\/wp\/v2\/media?parent=68055"}],"wp:term":[{"taxonomy":"product_brand","embeddable":true,"href":"https:\/\/magasiait.ee\/en\/wp-json\/wp\/v2\/product_brand?post=68055"},{"taxonomy":"product_cat","embeddable":true,"href":"https:\/\/magasiait.ee\/en\/wp-json\/wp\/v2\/product_cat?post=68055"},{"taxonomy":"product_tag","embeddable":true,"href":"https:\/\/magasiait.ee\/en\/wp-json\/wp\/v2\/product_tag?post=68055"}],"curies":[{"name":"wp","href":"https:\/\/api.w.org\/{rel}","templated":true}]}}