{"id":68057,"date":"2023-10-31T19:25:32","date_gmt":"2023-10-31T19:25:32","guid":{"rendered":"https:\/\/magasiait.ee\/toode\/magasiaida-talusahvri-pear-sea-buckthorn-jam-vitamin-bomb-220-ml-2\/"},"modified":"2024-10-19T15:00:29","modified_gmt":"2024-10-19T15:00:29","slug":"magasiaida-talusahvri-pear-sea-buckthorn-jam-vitamin-bomb-220-ml-2","status":"publish","type":"product","link":"https:\/\/magasiait.ee\/en\/product\/magasiaida-talusahvri-pear-sea-buckthorn-jam-vitamin-bomb-220-ml-2\/","title":{"rendered":"Magasiaida Talusahvri Pear-Sea buckthorn Jam &#8220;Vitamin Bomb&#8221; 220 ml"},"content":{"rendered":"<figure class=\"image image_resized\" style=\"width:12.47%\"><img decoding=\"async\" src=\"https:\/\/cdn.erply.com\/files\/500235\/aV5ICmald3r9aDJ1xxH1JAj7NjdRmM8hvNBFxRoOvXdwFt9unu.png\"><\/figure>\n<p>Estonian<\/p>\n<p>Ingredients: pear juice (62%), sea buckthorn juice, jam sugar, mint.<\/p>\n<p>Made from 62g pear juice per 100g product.<\/p>\n<p>Total sugar content 25g per 100g.<\/p>\n<p>Nutritional information:<\/p>\n<p>100g of product contains: energy 601kJ\/141kcal, fats 0.556g, of which saturated fatty acids 0.165g, carbohydrates 35g, sugars 32g, proteins 0.2g, salt 0.007g.<\/p>\n<p>Manufacturer: Magasiait O\u00dc, Lillekivi, Peatskivi village, Peipsi\u00e4\u00e4re parish, Tartu county 60201.<\/p>\n<p>After opening, store in the refrigerator and consume within a week.&nbsp;<\/p>\n<p>&nbsp;<\/p>\n","protected":false},"excerpt":{"rendered":"<p>Pleasantly tart pear jam.<br \/>\nAn incomparable addition to breakfast or as cheese jam!<br \/>\n220 ml jar.<\/p>\n","protected":false},"featured_media":27710,"template":"","meta":[],"product_brand":[],"product_cat":[674,1129],"product_tag":[],"class_list":{"0":"post-68057","1":"product","2":"type-product","3":"status-publish","4":"has-post-thumbnail","6":"product_cat-jams-en","7":"product_cat-magasiait-en","9":"first","10":"instock","11":"shipping-taxable","12":"purchasable","13":"product-type-simple"},"aioseo_notices":[],"_links":{"self":[{"href":"https:\/\/magasiait.ee\/en\/wp-json\/wp\/v2\/product\/68057","targetHints":{"allow":["GET"]}}],"collection":[{"href":"https:\/\/magasiait.ee\/en\/wp-json\/wp\/v2\/product"}],"about":[{"href":"https:\/\/magasiait.ee\/en\/wp-json\/wp\/v2\/types\/product"}],"wp:featuredmedia":[{"embeddable":true,"href":"https:\/\/magasiait.ee\/en\/wp-json\/wp\/v2\/media\/27710"}],"wp:attachment":[{"href":"https:\/\/magasiait.ee\/en\/wp-json\/wp\/v2\/media?parent=68057"}],"wp:term":[{"taxonomy":"product_brand","embeddable":true,"href":"https:\/\/magasiait.ee\/en\/wp-json\/wp\/v2\/product_brand?post=68057"},{"taxonomy":"product_cat","embeddable":true,"href":"https:\/\/magasiait.ee\/en\/wp-json\/wp\/v2\/product_cat?post=68057"},{"taxonomy":"product_tag","embeddable":true,"href":"https:\/\/magasiait.ee\/en\/wp-json\/wp\/v2\/product_tag?post=68057"}],"curies":[{"name":"wp","href":"https:\/\/api.w.org\/{rel}","templated":true}]}}