{"id":68061,"date":"2023-10-31T20:16:29","date_gmt":"2023-10-31T20:16:29","guid":{"rendered":"https:\/\/magasiait.ee\/toode\/magasiaida-talusahvri-classic-gooseberry-220-ml-2\/"},"modified":"2024-10-19T15:00:34","modified_gmt":"2024-10-19T15:00:34","slug":"magasiaida-talusahvri-classic-gooseberry-220-ml-2","status":"publish","type":"product","link":"https:\/\/magasiait.ee\/en\/product\/magasiaida-talusahvri-classic-gooseberry-220-ml-2\/","title":{"rendered":"Magasiaida Talusahvri &#8220;Classic Gooseberry&#8221; 220 ml."},"content":{"rendered":"<figure class=\"image image_resized\" style=\"width:13.69%\"><img decoding=\"async\" src=\"https:\/\/cdn.erply.com\/files\/500235\/3QUjD8uHf5NMP3ZxHkGYfpCeJLkXUXiLczhqINraggXLCdZyUU.png\"><\/figure>\n<p>Estonian<\/p>\n<p>Nutritional information:<\/p>\n<p>100g of product contains: energy 638kJ\/150 kcal, fats 0.5g, of which saturated fatty acids 0.075g, carbohydrates 34g, sugars 34g, proteins 0.9g, salt 0.005g.<\/p>\n<p>After opening, store in the refrigerator and consume within a week.<\/p>\n<p>Manufacturer: Magasiait O\u00dc, Lillekivi, Peatskivi village, Peipsi\u00e4\u00e4re parish, Tartu county 60201.&nbsp;<\/p>\n","protected":false},"excerpt":{"rendered":"<p>Traditional gooseberry jam is perfect for porridge or cheese jam, as a side dish for pancakes and ice cream.<br \/>\nIngredients: tikrid (76%), jam sugar<br \/>\nNet volume: 220 ml<br \/>\nMade from 76 g of ticks per 100 g of product<br \/>\nTotal sugar content 23 g per 100 g.<\/p>\n","protected":false},"featured_media":32885,"template":"","meta":[],"product_brand":[],"product_cat":[674,1129],"product_tag":[],"class_list":{"0":"post-68061","1":"product","2":"type-product","3":"status-publish","4":"has-post-thumbnail","6":"product_cat-jams-en","7":"product_cat-magasiait-en","9":"first","10":"instock","11":"shipping-taxable","12":"purchasable","13":"product-type-simple"},"aioseo_notices":[],"_links":{"self":[{"href":"https:\/\/magasiait.ee\/en\/wp-json\/wp\/v2\/product\/68061","targetHints":{"allow":["GET"]}}],"collection":[{"href":"https:\/\/magasiait.ee\/en\/wp-json\/wp\/v2\/product"}],"about":[{"href":"https:\/\/magasiait.ee\/en\/wp-json\/wp\/v2\/types\/product"}],"wp:featuredmedia":[{"embeddable":true,"href":"https:\/\/magasiait.ee\/en\/wp-json\/wp\/v2\/media\/32885"}],"wp:attachment":[{"href":"https:\/\/magasiait.ee\/en\/wp-json\/wp\/v2\/media?parent=68061"}],"wp:term":[{"taxonomy":"product_brand","embeddable":true,"href":"https:\/\/magasiait.ee\/en\/wp-json\/wp\/v2\/product_brand?post=68061"},{"taxonomy":"product_cat","embeddable":true,"href":"https:\/\/magasiait.ee\/en\/wp-json\/wp\/v2\/product_cat?post=68061"},{"taxonomy":"product_tag","embeddable":true,"href":"https:\/\/magasiait.ee\/en\/wp-json\/wp\/v2\/product_tag?post=68061"}],"curies":[{"name":"wp","href":"https:\/\/api.w.org\/{rel}","templated":true}]}}