{"id":68063,"date":"2023-10-31T18:43:01","date_gmt":"2023-10-31T18:43:01","guid":{"rendered":"https:\/\/magasiait.ee\/toode\/magasiaida-talusahvri-jam-with-honeysuckle-and-white-chocolate-blue-kiss-106-ml-2\/"},"modified":"2024-10-19T15:00:36","modified_gmt":"2024-10-19T15:00:36","slug":"magasiaida-talusahvri-jam-with-honeysuckle-and-white-chocolate-blue-kiss-106-ml-2","status":"publish","type":"product","link":"https:\/\/magasiait.ee\/en\/product\/magasiaida-talusahvri-jam-with-honeysuckle-and-white-chocolate-blue-kiss-106-ml-2\/","title":{"rendered":"Magasiaida Talusahvri jam with honeysuckle and white chocolate &#8220;Blue kiss&#8221; 106 ml."},"content":{"rendered":"<figure class=\"image image_resized\" style=\"width:12.77%\"><img decoding=\"async\" src=\"https:\/\/cdn.erply.com\/files\/500235\/3QUjD8uHf5NMP3ZxHkGYfpCeJLkXUXiLczhqINraggXLCdZyUU.png\"><\/figure>\n<p>Estonian<br \/>Nutritional information:<br \/>100g of product contains: energy 1443kJ\/341kcal, fats 6.8g, of which saturated fatty acids 4g, carbohydrates 67.5g, sugars 66.7g, proteins 1.6g, salt 0.003g.<br \/>Manufacturer: Magasiait O\u00dc, Lillekivi, Peatskivi village, Peipsi\u00e4\u00e4re parish, Tartu county 60201.<br \/>After opening, store in the refrigerator and consume within a week.&nbsp;<\/p>\n","protected":false},"excerpt":{"rendered":"<p>Excellent combination of tart honeysuckle and white chocolate.<br \/>\nA vitamin C-rich treat.<br \/>\nPerfect for pancakes and ice cream or porridge.<br \/>\nIngredients: blue honeysuckle (43%), sugar, white chocolate<br \/>\nNet volume: 106 ml<br \/>\nMade from 43 g of honeysuckle berries per 100 g of product<br \/>\nTotal sugar content 43 g per 100 g.<\/p>\n","protected":false},"featured_media":23196,"template":"","meta":[],"product_brand":[],"product_cat":[674,1129],"product_tag":[],"class_list":{"0":"post-68063","1":"product","2":"type-product","3":"status-publish","4":"has-post-thumbnail","6":"product_cat-jams-en","7":"product_cat-magasiait-en","9":"first","10":"instock","11":"shipping-taxable","12":"purchasable","13":"product-type-simple"},"aioseo_notices":[],"_links":{"self":[{"href":"https:\/\/magasiait.ee\/en\/wp-json\/wp\/v2\/product\/68063","targetHints":{"allow":["GET"]}}],"collection":[{"href":"https:\/\/magasiait.ee\/en\/wp-json\/wp\/v2\/product"}],"about":[{"href":"https:\/\/magasiait.ee\/en\/wp-json\/wp\/v2\/types\/product"}],"wp:featuredmedia":[{"embeddable":true,"href":"https:\/\/magasiait.ee\/en\/wp-json\/wp\/v2\/media\/23196"}],"wp:attachment":[{"href":"https:\/\/magasiait.ee\/en\/wp-json\/wp\/v2\/media?parent=68063"}],"wp:term":[{"taxonomy":"product_brand","embeddable":true,"href":"https:\/\/magasiait.ee\/en\/wp-json\/wp\/v2\/product_brand?post=68063"},{"taxonomy":"product_cat","embeddable":true,"href":"https:\/\/magasiait.ee\/en\/wp-json\/wp\/v2\/product_cat?post=68063"},{"taxonomy":"product_tag","embeddable":true,"href":"https:\/\/magasiait.ee\/en\/wp-json\/wp\/v2\/product_tag?post=68063"}],"curies":[{"name":"wp","href":"https:\/\/api.w.org\/{rel}","templated":true}]}}