{"id":68067,"date":"2023-12-04T13:28:42","date_gmt":"2023-12-04T13:28:42","guid":{"rendered":"https:\/\/magasiait.ee\/toode\/magasiaida-talusahvri-ramsons-flavoring-salt-50-g-2\/"},"modified":"2024-10-19T15:00:39","modified_gmt":"2024-10-19T15:00:39","slug":"magasiaida-talusahvri-ramsons-flavoring-salt-50-g-2","status":"publish","type":"product","link":"https:\/\/magasiait.ee\/en\/product\/magasiaida-talusahvri-ramsons-flavoring-salt-50-g-2\/","title":{"rendered":"Magasiaida Talusahvri &#8220;Ramsons flavoring salt&#8221; 50 g."},"content":{"rendered":"<figure class=\"image image_resized\" style=\"width:13.67%\"><img decoding=\"async\" src=\"https:\/\/cdn.erply.com\/files\/500235\/ck3eOy3z3Np1jL20UWe7jOZEQyPpVtw2YCubkYnTQ0nYKIqXYZ.png\"><\/figure>\n<p>Estonian<\/p>\n<p>Manufacturer: Magasiait O\u00dc, Lillekivi, Peatskivi village, Peipsi\u00e4\u00e4ere parish, Tartu county, 60201.<\/p>\n","protected":false},"excerpt":{"rendered":"<p>Ramsons seasoning salt is made from ramsons (20%) grown in Lillekivi farm and pleasantly coarse sea salt.<\/p>\n<p>Use seasoning salt to add flavor to various dishes, it gives a special, garlicky taste.<br \/>\nShake before use!!<br \/>\nEach jar contains 50 g of product.<br \/>\nStore in a dark and cool place.<\/p>\n","protected":false},"featured_media":41318,"template":"","meta":[],"product_brand":[],"product_cat":[15],"product_tag":[],"class_list":{"0":"post-68067","1":"product","2":"type-product","3":"status-publish","4":"has-post-thumbnail","6":"product_cat-maaratlemata","8":"first","9":"outofstock","10":"shipping-taxable","11":"purchasable","12":"product-type-simple"},"aioseo_notices":[],"_links":{"self":[{"href":"https:\/\/magasiait.ee\/en\/wp-json\/wp\/v2\/product\/68067","targetHints":{"allow":["GET"]}}],"collection":[{"href":"https:\/\/magasiait.ee\/en\/wp-json\/wp\/v2\/product"}],"about":[{"href":"https:\/\/magasiait.ee\/en\/wp-json\/wp\/v2\/types\/product"}],"wp:featuredmedia":[{"embeddable":true,"href":"https:\/\/magasiait.ee\/en\/wp-json\/wp\/v2\/media\/41318"}],"wp:attachment":[{"href":"https:\/\/magasiait.ee\/en\/wp-json\/wp\/v2\/media?parent=68067"}],"wp:term":[{"taxonomy":"product_brand","embeddable":true,"href":"https:\/\/magasiait.ee\/en\/wp-json\/wp\/v2\/product_brand?post=68067"},{"taxonomy":"product_cat","embeddable":true,"href":"https:\/\/magasiait.ee\/en\/wp-json\/wp\/v2\/product_cat?post=68067"},{"taxonomy":"product_tag","embeddable":true,"href":"https:\/\/magasiait.ee\/en\/wp-json\/wp\/v2\/product_tag?post=68067"}],"curies":[{"name":"wp","href":"https:\/\/api.w.org\/{rel}","templated":true}]}}