{"id":68071,"date":"2023-12-06T11:15:12","date_gmt":"2023-12-06T11:15:12","guid":{"rendered":"https:\/\/magasiait.ee\/toode\/magasiaida-talusahvri-boiled-sugar-lollipop-10-g-2\/"},"modified":"2024-10-19T15:00:43","modified_gmt":"2024-10-19T15:00:43","slug":"magasiaida-talusahvri-boiled-sugar-lollipop-10-g-2","status":"publish","type":"product","link":"https:\/\/magasiait.ee\/en\/product\/magasiaida-talusahvri-boiled-sugar-lollipop-10-g-2\/","title":{"rendered":"Magasiaida Talusahvri boiled sugar lollipop 10 g."},"content":{"rendered":"<figure class=\"image image_resized\" style=\"width:12.98%\"><img decoding=\"async\" src=\"https:\/\/cdn.erply.com\/files\/500235\/dVP4pF1yaYmi7RKQKTJC8JqYgleVBVO8e2SxKWhpunP2BvTOUD.png\"><\/figure>\n<p>Estonian<\/p>\n<p>Ingredients: sugar (77%), <strong><u>milk, butter.<\/u><\/strong><\/p>\n<p>Nutritional information: 100g of product contains: energy 1740kJ\/410kcal, fats 3.8g, of which saturated fatty acids 2.3g, carbohydrates 93g, of which sugars 93g, proteins 0.8g, salt 0.03g.<br \/>Manufacturer: Magasiait O\u00dc, Lillekivi, Peatskivi village, Peipsi\u00e4\u00e4re parish, Tartu county 60216<\/p>\n","protected":false},"excerpt":{"rendered":"<p>An Old Believer treat that is put into the cheek while drinking tea and allowed to slowly melt. So piece by piece until the drink is enough.<br \/>\nLollipop is a kid-friendly version of this sweet treat.<\/p>\n<p>THE PRODUCT CONTAINS ALLERGENS!<\/p>\n<p>NB: when ordering, please indicate the shape of the candy you want, Christmas-themed, fish, or heart without a stick.<\/p>\n","protected":false},"featured_media":41711,"template":"","meta":[],"product_brand":[],"product_cat":[1129],"product_tag":[],"class_list":{"0":"post-68071","1":"product","2":"type-product","3":"status-publish","4":"has-post-thumbnail","6":"product_cat-magasiait-en","8":"first","9":"instock","10":"shipping-taxable","11":"purchasable","12":"product-type-simple"},"aioseo_notices":[],"_links":{"self":[{"href":"https:\/\/magasiait.ee\/en\/wp-json\/wp\/v2\/product\/68071","targetHints":{"allow":["GET"]}}],"collection":[{"href":"https:\/\/magasiait.ee\/en\/wp-json\/wp\/v2\/product"}],"about":[{"href":"https:\/\/magasiait.ee\/en\/wp-json\/wp\/v2\/types\/product"}],"wp:featuredmedia":[{"embeddable":true,"href":"https:\/\/magasiait.ee\/en\/wp-json\/wp\/v2\/media\/41711"}],"wp:attachment":[{"href":"https:\/\/magasiait.ee\/en\/wp-json\/wp\/v2\/media?parent=68071"}],"wp:term":[{"taxonomy":"product_brand","embeddable":true,"href":"https:\/\/magasiait.ee\/en\/wp-json\/wp\/v2\/product_brand?post=68071"},{"taxonomy":"product_cat","embeddable":true,"href":"https:\/\/magasiait.ee\/en\/wp-json\/wp\/v2\/product_cat?post=68071"},{"taxonomy":"product_tag","embeddable":true,"href":"https:\/\/magasiait.ee\/en\/wp-json\/wp\/v2\/product_tag?post=68071"}],"curies":[{"name":"wp","href":"https:\/\/api.w.org\/{rel}","templated":true}]}}