{"id":68073,"date":"2024-08-13T06:41:21","date_gmt":"2024-08-13T06:41:21","guid":{"rendered":"https:\/\/magasiait.ee\/toode\/magasiaida-talusahvri-spicy-sibulka-with-rum-106-ml-2\/"},"modified":"2024-10-19T15:00:45","modified_gmt":"2024-10-19T15:00:45","slug":"magasiaida-talusahvri-spicy-sibulka-with-rum-106-ml-2","status":"publish","type":"product","link":"https:\/\/magasiait.ee\/en\/product\/magasiaida-talusahvri-spicy-sibulka-with-rum-106-ml-2\/","title":{"rendered":"Magasiaida Talusahvri &#8220;Spicy Sibulka with rum&#8221; 106 ml."},"content":{"rendered":"<figure class=\"image image_resized\" style=\"width:13.34%\"><img decoding=\"async\" src=\"https:\/\/cdn.erply.com\/files\/500235\/W7UaKtNfdPlZzlbnpjvbiQa2EAGxM827RlFWrFgf5WWR4KsR8R.png\"><\/figure>\n<p>Estonian<\/p>\n<p>Nutritional information.<\/p>\n<p>100g of product contains: energy 844kJ\/200kcal, fats 1.3g, of which saturated fatty acids 0.2g, carbohydrates 40g, of which sugars 38g, proteins 1.6g, salt 0.3g.<\/p>\n<p>Made from 65g onions per 100g product.<\/p>\n<p>Total sugar content: 65g per 100g.<\/p>\n<p>Manufacturer: Magasiait O\u00dc, Lillekivi, Peatskivi village, Peipsi\u00e4\u00e4re parish<\/p>\n<p>Tartu county 60216.&nbsp;<\/p>\n","protected":false},"excerpt":{"rendered":"<p>Slightly spicy caramel onion jam.<br \/>\nGoes perfectly with meat dishes and cheese.<\/p>\n<p>Ingredients: onion (65%), sugar, chili, rum (6%).<br \/>\nNet quantity: 106 ml<br \/>\nMade with love!<\/p>\n","protected":false},"featured_media":64962,"template":"","meta":[],"product_brand":[],"product_cat":[],"product_tag":[],"class_list":{"0":"post-68073","1":"product","2":"type-product","3":"status-publish","4":"has-post-thumbnail","7":"first","8":"instock","9":"shipping-taxable","10":"purchasable","11":"product-type-simple"},"aioseo_notices":[],"_links":{"self":[{"href":"https:\/\/magasiait.ee\/en\/wp-json\/wp\/v2\/product\/68073","targetHints":{"allow":["GET"]}}],"collection":[{"href":"https:\/\/magasiait.ee\/en\/wp-json\/wp\/v2\/product"}],"about":[{"href":"https:\/\/magasiait.ee\/en\/wp-json\/wp\/v2\/types\/product"}],"wp:featuredmedia":[{"embeddable":true,"href":"https:\/\/magasiait.ee\/en\/wp-json\/wp\/v2\/media\/64962"}],"wp:attachment":[{"href":"https:\/\/magasiait.ee\/en\/wp-json\/wp\/v2\/media?parent=68073"}],"wp:term":[{"taxonomy":"product_brand","embeddable":true,"href":"https:\/\/magasiait.ee\/en\/wp-json\/wp\/v2\/product_brand?post=68073"},{"taxonomy":"product_cat","embeddable":true,"href":"https:\/\/magasiait.ee\/en\/wp-json\/wp\/v2\/product_cat?post=68073"},{"taxonomy":"product_tag","embeddable":true,"href":"https:\/\/magasiait.ee\/en\/wp-json\/wp\/v2\/product_tag?post=68073"}],"curies":[{"name":"wp","href":"https:\/\/api.w.org\/{rel}","templated":true}]}}