{"id":75827,"date":"2023-10-31T20:00:20","date_gmt":"2023-10-31T20:00:20","guid":{"rendered":"https:\/\/magasiait.ee\/toode\/magasiaida-talusahvris-spicy-gooseberry-sauce-naughty-ticker-106-ml-2\/"},"modified":"2025-02-13T16:00:37","modified_gmt":"2025-02-13T16:00:37","slug":"magasiaida-talusahvris-spicy-gooseberry-sauce-naughty-ticker-106-ml-2","status":"publish","type":"product","link":"https:\/\/magasiait.ee\/en\/product\/magasiaida-talusahvris-spicy-gooseberry-sauce-naughty-ticker-106-ml-2\/","title":{"rendered":"Magasiaida Talusahvri&#8217;s spicy gooseberry sauce &#8220;Naughty ticker&#8221; 106 ml"},"content":{"rendered":"<figure class=\"image image_resized\" style=\"width:13.38%\"><img decoding=\"async\" src=\"https:\/\/cdn.erply.com\/files\/500235\/3QUjD8uHf5NMP3ZxHkGYfpCeJLkXUXiLczhqINraggXLCdZyUU.png\"><\/figure>\n<p>Estonian<\/p>\n<p>Nutritional information:<br \/>100g of product contains: energy 672kJ\/159kcal, fats 0.4g, of which saturated fatty acids 0.069g, carbohydrates 36.6g, sugars 36g, proteins 0.8g, salt 0.7g.<br \/>After opening, store in the refrigerator and consume within a week.<br \/>Manufacturer: Magasiait O\u00dc, Lillekivi, Peatskivi village, Peipsi\u00e4\u00e4re parish, Tartu county 60201.&nbsp;<\/p>\n","protected":false},"excerpt":{"rendered":"<p>The crisp sweet-sour sauce goes wonderfully with the roast or as an addition to cheese.<br \/>\nIngredients: tikrid (71%), sugar, chili flakes, salt, ginger, spice, pepper, cinnamon, cloves<br \/>\nNet volume: 106 ml<br \/>\nMade from 72 g of ticks per 100 g of product<br \/>\nTotal sugar content 28 g per 100 g.<\/p>\n","protected":false},"featured_media":31244,"template":"","meta":[],"product_brand":[],"product_cat":[674,735,1129],"product_tag":[],"class_list":{"0":"post-75827","1":"product","2":"type-product","3":"status-publish","4":"has-post-thumbnail","6":"product_cat-jams-en","7":"product_cat-sauces-en","8":"product_cat-magasiait-en","10":"first","11":"instock","12":"shipping-taxable","13":"purchasable","14":"product-type-simple"},"aioseo_notices":[],"_links":{"self":[{"href":"https:\/\/magasiait.ee\/en\/wp-json\/wp\/v2\/product\/75827","targetHints":{"allow":["GET"]}}],"collection":[{"href":"https:\/\/magasiait.ee\/en\/wp-json\/wp\/v2\/product"}],"about":[{"href":"https:\/\/magasiait.ee\/en\/wp-json\/wp\/v2\/types\/product"}],"wp:featuredmedia":[{"embeddable":true,"href":"https:\/\/magasiait.ee\/en\/wp-json\/wp\/v2\/media\/31244"}],"wp:attachment":[{"href":"https:\/\/magasiait.ee\/en\/wp-json\/wp\/v2\/media?parent=75827"}],"wp:term":[{"taxonomy":"product_brand","embeddable":true,"href":"https:\/\/magasiait.ee\/en\/wp-json\/wp\/v2\/product_brand?post=75827"},{"taxonomy":"product_cat","embeddable":true,"href":"https:\/\/magasiait.ee\/en\/wp-json\/wp\/v2\/product_cat?post=75827"},{"taxonomy":"product_tag","embeddable":true,"href":"https:\/\/magasiait.ee\/en\/wp-json\/wp\/v2\/product_tag?post=75827"}],"curies":[{"name":"wp","href":"https:\/\/api.w.org\/{rel}","templated":true}]}}