{"id":77905,"date":"2025-03-15T13:32:22","date_gmt":"2025-03-15T13:32:22","guid":{"rendered":"https:\/\/magasiait.ee\/toode\/magasiaida-talusahvri-ramsons-flavoring-salt-30-g\/"},"modified":"2025-03-17T16:00:14","modified_gmt":"2025-03-17T16:00:14","slug":"magasiaida-talusahvri-ramsons-flavoring-salt-30-g","status":"publish","type":"product","link":"https:\/\/magasiait.ee\/en\/product\/magasiaida-talusahvri-ramsons-flavoring-salt-30-g\/","title":{"rendered":"Magasiaida Talusahvri \u201cRamsons Flavoring Salt\u201d 30 g."},"content":{"rendered":"<figure class=\"image image_resized\" style=\"width:13.12%\"><img decoding=\"async\" src=\"https:\/\/cdn.erply.com\/assets\/500235\/file\/Tnsj3peByiDxvcJ1j6ued1RJqmgu2aszUVoxvPtxZbB1zryJKR.png\"><\/figure>\n<p>Estonia<\/p>\n<p>Manufacturer: Magasiait O\u00dc, Lillekivi, Peatskivi village, Peipsi\u00e4\u00e4re parish, Tartu county 60216<\/p>\n<p>Keep in a cool and dry place.<\/p>\n<p>Shake before opening.&nbsp;<\/p>\n","protected":false},"excerpt":{"rendered":"<p>Wild garlic seasoning salt is made from wild garlic grown on the Lillekivi farm (60% content) and pleasantly coarse sea salt.<\/p>\n<p>Use the seasoning salt to add flavor to various dishes, especially popular when making seasoning spreads. Gives a special, garlicky flavor.<br \/>\nEach jar contains 30 g of product.<\/p>\n","protected":false},"featured_media":77663,"template":"","meta":[],"product_brand":[],"product_cat":[668,1129],"product_tag":[],"class_list":{"0":"post-77905","1":"product","2":"type-product","3":"status-publish","4":"has-post-thumbnail","6":"product_cat-condiments-en","7":"product_cat-magasiait-en","9":"first","10":"instock","11":"shipping-taxable","12":"purchasable","13":"product-type-simple"},"aioseo_notices":[],"_links":{"self":[{"href":"https:\/\/magasiait.ee\/en\/wp-json\/wp\/v2\/product\/77905","targetHints":{"allow":["GET"]}}],"collection":[{"href":"https:\/\/magasiait.ee\/en\/wp-json\/wp\/v2\/product"}],"about":[{"href":"https:\/\/magasiait.ee\/en\/wp-json\/wp\/v2\/types\/product"}],"wp:featuredmedia":[{"embeddable":true,"href":"https:\/\/magasiait.ee\/en\/wp-json\/wp\/v2\/media\/77663"}],"wp:attachment":[{"href":"https:\/\/magasiait.ee\/en\/wp-json\/wp\/v2\/media?parent=77905"}],"wp:term":[{"taxonomy":"product_brand","embeddable":true,"href":"https:\/\/magasiait.ee\/en\/wp-json\/wp\/v2\/product_brand?post=77905"},{"taxonomy":"product_cat","embeddable":true,"href":"https:\/\/magasiait.ee\/en\/wp-json\/wp\/v2\/product_cat?post=77905"},{"taxonomy":"product_tag","embeddable":true,"href":"https:\/\/magasiait.ee\/en\/wp-json\/wp\/v2\/product_tag?post=77905"}],"curies":[{"name":"wp","href":"https:\/\/api.w.org\/{rel}","templated":true}]}}