{"id":78090,"date":"2025-03-21T10:08:00","date_gmt":"2025-03-21T10:08:00","guid":{"rendered":"https:\/\/magasiait.ee\/toode\/25-jars-of-magasiaida-talusahvri-apple-jam-with-chocolate-mutella-212-ml\/"},"modified":"2025-03-22T16:00:08","modified_gmt":"2025-03-22T16:00:08","slug":"25-jars-of-magasiaida-talusahvri-apple-jam-with-chocolate-mutella-212-ml","status":"publish","type":"product","link":"https:\/\/magasiait.ee\/en\/product\/25-jars-of-magasiaida-talusahvri-apple-jam-with-chocolate-mutella-212-ml\/","title":{"rendered":"25 jars of Magasiaida Talusahvri apple jam with chocolate \u201cMutella\u201d 212 ml."},"content":{"rendered":"<figure class=\"image image_resized\" style=\"width:13.33%\"><img decoding=\"async\" src=\"https:\/\/cdn.erply.com\/files\/500235\/3QUjD8uHf5NMP3ZxHkGYfpCeJLkXUXiLczhqINraggXLCdZyUU.png\"><\/figure>\n<p>Estonian<\/p>\n<p>Ingredients: apple, sugar, water, dark chocolate (with whole <strong><u>hazelnuts<\/u><\/strong>).<\/p>\n<p>Net quantity: 212 ml<br \/>Made from 95g apples per 100g of product.<br \/>Total sugar content 30g per 100g.<\/p>\n<p>Nutritional information:<br \/>100g of product contains: energy 1160kJ\/275 kcal, fat 6.4g, of which saturated fatty acids 3.8g, carbohydrates 52g, sugars 45g, protein 1.5g, salt 0.004g.<br \/>Manufacturer: Magasiait O\u00dc, Lillekivi, Peatskivi village, Peipsi\u00e4\u00e4re parish, Tartu county 60201.<br \/>www.magasiait.ee<br \/>After opening, store in the refrigerator and consume within a week.&nbsp;<\/p>\n<p><strong><u>NB: CONTAINS ALLERGENS!<\/u><\/strong><\/p>\n","protected":false},"excerpt":{"rendered":"<p>Deliciously chocolatey apple jam.<br \/>\nA children&#8217;s favorite!<br \/>\nWonderful with Sunday morning pancakes!<\/p>\n<p>CONTAINS ALLERGENS! NUTS.<br \/>\nThe offer is for 25 containers, the price per piece is 6,- (the price of a single product is 6.50).<br \/>\nProducts can also be ordered without labels if you want to use them as gifts for your company\/event.<br \/>\nYou can always contact us by e-mail ( magasiait@hot.ee ) for more details.<\/p>\n","protected":false},"featured_media":78033,"template":"","meta":[],"product_brand":[],"product_cat":[1153],"product_tag":[],"class_list":{"0":"post-78090","1":"product","2":"type-product","3":"status-publish","4":"has-post-thumbnail","6":"product_cat-25-pcs","8":"first","9":"instock","10":"shipping-taxable","11":"purchasable","12":"product-type-simple"},"aioseo_notices":[],"_links":{"self":[{"href":"https:\/\/magasiait.ee\/en\/wp-json\/wp\/v2\/product\/78090","targetHints":{"allow":["GET"]}}],"collection":[{"href":"https:\/\/magasiait.ee\/en\/wp-json\/wp\/v2\/product"}],"about":[{"href":"https:\/\/magasiait.ee\/en\/wp-json\/wp\/v2\/types\/product"}],"wp:featuredmedia":[{"embeddable":true,"href":"https:\/\/magasiait.ee\/en\/wp-json\/wp\/v2\/media\/78033"}],"wp:attachment":[{"href":"https:\/\/magasiait.ee\/en\/wp-json\/wp\/v2\/media?parent=78090"}],"wp:term":[{"taxonomy":"product_brand","embeddable":true,"href":"https:\/\/magasiait.ee\/en\/wp-json\/wp\/v2\/product_brand?post=78090"},{"taxonomy":"product_cat","embeddable":true,"href":"https:\/\/magasiait.ee\/en\/wp-json\/wp\/v2\/product_cat?post=78090"},{"taxonomy":"product_tag","embeddable":true,"href":"https:\/\/magasiait.ee\/en\/wp-json\/wp\/v2\/product_tag?post=78090"}],"curies":[{"name":"wp","href":"https:\/\/api.w.org\/{rel}","templated":true}]}}