{"id":78103,"date":"2025-03-21T08:07:55","date_gmt":"2025-03-21T08:07:55","guid":{"rendered":"https:\/\/magasiait.ee\/toode\/100-jars-of-magasiaida-talusahvri-pear-jam-with-brandy-212-ml\/"},"modified":"2025-03-22T16:00:17","modified_gmt":"2025-03-22T16:00:17","slug":"100-jars-of-magasiaida-talusahvri-pear-jam-with-brandy-212-ml","status":"publish","type":"product","link":"https:\/\/magasiait.ee\/en\/product\/100-jars-of-magasiaida-talusahvri-pear-jam-with-brandy-212-ml\/","title":{"rendered":"100 jars of Magasiaida Talusahvri \u201cPear Jam with Brandy\u201d 212 ml."},"content":{"rendered":"<figure class=\"image image_resized\" style=\"width:13.8%\"><img decoding=\"async\" src=\"https:\/\/cdn.erply.com\/files\/500235\/3QUjD8uHf5NMP3ZxHkGYfpCeJLkXUXiLczhqINraggXLCdZyUU.png\"><\/figure>\n<p>Estonian<\/p>\n<p>Nutritional information:<br \/>100g of product contains: energy 963kJ\/228 kcal, fat 0 g, of which saturated fatty acids 0 g, carbohydrates 47.8 g, sugars 46 g, protein 0.2 g, salt 0.07 g.<br \/>Made from 65g of pears per 100g.<br \/>Total sugar content 40g per 100g.<br \/>Manufacturer: Magasiait O\u00dc, Lillekivi, Peatskivi village, Peipsi\u00e4\u00e4re parish, Tartu county 60201.<\/p>\n<p>After opening, keep in the refrigerator and consume within a week.&nbsp;<\/p>\n","protected":false},"excerpt":{"rendered":"<p>Creamy jam with an interesting taste.<br \/>\nSuitable for cheeses, but also as a treat with pancakes and porridge.<br \/>\nThe offer is for 100 containers, the price per piece will be 4.50 (the price of a single product is 6.50).<br \/>\nProducts can also be ordered without labels if you want to use them as gifts for your company\/event.<br \/>\nYou can always contact us by e-mail ( magasiait@hot.ee ) for more details.<\/p>\n","protected":false},"featured_media":77951,"template":"","meta":[],"product_brand":[],"product_cat":[1159],"product_tag":[],"class_list":{"0":"post-78103","1":"product","2":"type-product","3":"status-publish","4":"has-post-thumbnail","6":"product_cat-100-pcs","8":"first","9":"instock","10":"shipping-taxable","11":"purchasable","12":"product-type-simple"},"aioseo_notices":[],"_links":{"self":[{"href":"https:\/\/magasiait.ee\/en\/wp-json\/wp\/v2\/product\/78103","targetHints":{"allow":["GET"]}}],"collection":[{"href":"https:\/\/magasiait.ee\/en\/wp-json\/wp\/v2\/product"}],"about":[{"href":"https:\/\/magasiait.ee\/en\/wp-json\/wp\/v2\/types\/product"}],"wp:featuredmedia":[{"embeddable":true,"href":"https:\/\/magasiait.ee\/en\/wp-json\/wp\/v2\/media\/77951"}],"wp:attachment":[{"href":"https:\/\/magasiait.ee\/en\/wp-json\/wp\/v2\/media?parent=78103"}],"wp:term":[{"taxonomy":"product_brand","embeddable":true,"href":"https:\/\/magasiait.ee\/en\/wp-json\/wp\/v2\/product_brand?post=78103"},{"taxonomy":"product_cat","embeddable":true,"href":"https:\/\/magasiait.ee\/en\/wp-json\/wp\/v2\/product_cat?post=78103"},{"taxonomy":"product_tag","embeddable":true,"href":"https:\/\/magasiait.ee\/en\/wp-json\/wp\/v2\/product_tag?post=78103"}],"curies":[{"name":"wp","href":"https:\/\/api.w.org\/{rel}","templated":true}]}}