{"id":79044,"date":"2025-04-27T11:59:10","date_gmt":"2025-04-27T11:59:10","guid":{"rendered":"https:\/\/magasiait.ee\/toode\/magasiaida-talusahvri-chive-seasoning-salt-30-g\/"},"modified":"2025-04-28T15:00:04","modified_gmt":"2025-04-28T15:00:04","slug":"magasiaida-talusahvri-chive-seasoning-salt-30-g","status":"publish","type":"product","link":"https:\/\/magasiait.ee\/en\/product\/magasiaida-talusahvri-chive-seasoning-salt-30-g\/","title":{"rendered":"Magasiaida Talusahvri \u201cChive seasoning salt\u201d 30 g."},"content":{"rendered":"<figure class=\"image image_resized\" style=\"width:13.28%\"><img decoding=\"async\" src=\"https:\/\/cdn.erply.com\/assets\/500235\/file\/yn62uuUOwMu4kYn4AUfSW4Fgf5TyEyp68Yp7Ndo1KbOudWMKwg.png\"><\/figure>\n<p>Estonian<\/p>\n<p>Manufacturer: Magasiait O\u00dc, Lillekivi, Peatskivi village, Peipsi\u00e4\u00e4re parish, Tartu county, 60216.<\/p>\n","protected":false},"excerpt":{"rendered":"<p>Chive seasoning salt is made from chives grown on the Lillekivi farm (50% content) and pleasantly coarse sea salt.<br \/>\nAdds a touch of spring freshness to food.<br \/>\nIngredients: natural sea salt (coarse), dried chives (50%).<br \/>\nUse: for seasoning salads, soups, dips and egg dishes.<br \/>\nShake before use!<br \/>\nStore in a dark and cool place!<\/p>\n","protected":false},"featured_media":79031,"template":"","meta":[],"product_brand":[],"product_cat":[668],"product_tag":[],"class_list":{"0":"post-79044","1":"product","2":"type-product","3":"status-publish","4":"has-post-thumbnail","6":"product_cat-condiments-en","8":"first","9":"instock","10":"shipping-taxable","11":"purchasable","12":"product-type-simple"},"aioseo_notices":[],"_links":{"self":[{"href":"https:\/\/magasiait.ee\/en\/wp-json\/wp\/v2\/product\/79044","targetHints":{"allow":["GET"]}}],"collection":[{"href":"https:\/\/magasiait.ee\/en\/wp-json\/wp\/v2\/product"}],"about":[{"href":"https:\/\/magasiait.ee\/en\/wp-json\/wp\/v2\/types\/product"}],"wp:featuredmedia":[{"embeddable":true,"href":"https:\/\/magasiait.ee\/en\/wp-json\/wp\/v2\/media\/79031"}],"wp:attachment":[{"href":"https:\/\/magasiait.ee\/en\/wp-json\/wp\/v2\/media?parent=79044"}],"wp:term":[{"taxonomy":"product_brand","embeddable":true,"href":"https:\/\/magasiait.ee\/en\/wp-json\/wp\/v2\/product_brand?post=79044"},{"taxonomy":"product_cat","embeddable":true,"href":"https:\/\/magasiait.ee\/en\/wp-json\/wp\/v2\/product_cat?post=79044"},{"taxonomy":"product_tag","embeddable":true,"href":"https:\/\/magasiait.ee\/en\/wp-json\/wp\/v2\/product_tag?post=79044"}],"curies":[{"name":"wp","href":"https:\/\/api.w.org\/{rel}","templated":true}]}}