{"id":82974,"date":"2025-07-15T13:38:11","date_gmt":"2025-07-15T13:38:11","guid":{"rendered":"https:\/\/magasiait.ee\/toode\/magasiaida-talusahvri-ivan-tea-my-friend-is-joking-this-tea-is-not-sour-it-is-fermented-drink-to-your-health-20-g\/"},"modified":"2025-07-17T15:00:02","modified_gmt":"2025-07-17T15:00:02","slug":"magasiaida-talusahvri-ivan-tea-my-friend-is-joking-this-tea-is-not-sour-it-is-fermented-drink-to-your-health-20-g","status":"publish","type":"product","link":"https:\/\/magasiait.ee\/en\/product\/magasiaida-talusahvri-ivan-tea-my-friend-is-joking-this-tea-is-not-sour-it-is-fermented-drink-to-your-health-20-g\/","title":{"rendered":"Magasiaida Talusahvri IVAN TEA &#8220;My friend is joking, this tea is not sour, it is fermented! Drink to your health!&#8221; 20 g."},"content":{"rendered":"<figure class=\"image image_resized\" style=\"width:12.63%\"><img decoding=\"async\" src=\"https:\/\/cdn.erply.com\/assets\/500235\/file\/Ocqkqd8zQTnqaIndSG9KCPV531RxfQh86Z4mYS52JarDFPuBV1.png\"><\/figure>\n<p>Estonian<\/p>\n<p>Preparation: Pour 2 teaspoons of tea mixture over 200 ml of hot water. Let it steep for 10-20 minutes, or make a particularly strong infusion and dilute with hot water to your liking.<\/p>\n<p>Manufacturer: Magasiait O\u00dc, Lillekivi, Peatskivi village, Peipsi\u00e4\u00e4re parish, Tartu county, 60201<\/p>\n<p>Keep dry when opened.&nbsp;<\/p>\n","protected":false},"excerpt":{"rendered":"<p>Tea made from elk hemp harvested from the vastness of Lake Peipus improves health, mood and general well-being.<br \/>\nAccording to the old saying: cures 99 diseases.<br \/>\nIngredients: 100% fermented and dried elk hemp.<br \/>\nNet quantity: 20 g.<\/p>\n","protected":false},"featured_media":82954,"template":"","meta":[],"product_brand":[],"product_cat":[649],"product_tag":[],"class_list":{"0":"post-82974","1":"product","2":"type-product","3":"status-publish","4":"has-post-thumbnail","6":"product_cat-teas-en","8":"first","9":"instock","10":"shipping-taxable","11":"purchasable","12":"product-type-simple"},"aioseo_notices":[],"_links":{"self":[{"href":"https:\/\/magasiait.ee\/en\/wp-json\/wp\/v2\/product\/82974","targetHints":{"allow":["GET"]}}],"collection":[{"href":"https:\/\/magasiait.ee\/en\/wp-json\/wp\/v2\/product"}],"about":[{"href":"https:\/\/magasiait.ee\/en\/wp-json\/wp\/v2\/types\/product"}],"wp:featuredmedia":[{"embeddable":true,"href":"https:\/\/magasiait.ee\/en\/wp-json\/wp\/v2\/media\/82954"}],"wp:attachment":[{"href":"https:\/\/magasiait.ee\/en\/wp-json\/wp\/v2\/media?parent=82974"}],"wp:term":[{"taxonomy":"product_brand","embeddable":true,"href":"https:\/\/magasiait.ee\/en\/wp-json\/wp\/v2\/product_brand?post=82974"},{"taxonomy":"product_cat","embeddable":true,"href":"https:\/\/magasiait.ee\/en\/wp-json\/wp\/v2\/product_cat?post=82974"},{"taxonomy":"product_tag","embeddable":true,"href":"https:\/\/magasiait.ee\/en\/wp-json\/wp\/v2\/product_tag?post=82974"}],"curies":[{"name":"wp","href":"https:\/\/api.w.org\/{rel}","templated":true}]}}