{"id":84613,"date":"2025-09-05T11:43:15","date_gmt":"2025-09-05T11:43:15","guid":{"rendered":"https:\/\/magasiait.ee\/toode\/magasiaida-talusahvri-pink-wild-garlic-seasoning-salt-30-g\/"},"modified":"2025-09-06T15:00:10","modified_gmt":"2025-09-06T15:00:10","slug":"magasiaida-talusahvri-pink-wild-garlic-seasoning-salt-30-g","status":"publish","type":"product","link":"https:\/\/magasiait.ee\/en\/product\/magasiaida-talusahvri-pink-wild-garlic-seasoning-salt-30-g\/","title":{"rendered":"Magasiaida Talusahvri \u201cPink wild garlic seasoning salt\u201d 30 g."},"content":{"rendered":"<figure class=\"image image_resized\" style=\"width:14.63%\"><img decoding=\"async\" src=\"https:\/\/cdn.erply.com\/assets\/500235\/file\/yn62uuUOwMu4kYn4AUfSW4Fgf5TyEyp68Yp7Ndo1KbOudWMKwg.png\"><\/figure>\n<p>Estonia<\/p>\n<p>Manufacturer: Magasiait O\u00dc, Lillekivi, Peatskivi village, Peipsi\u00e4\u00e4re parish, Tartu county, 60216.&nbsp;<\/p>\n","protected":false},"excerpt":{"rendered":"<p>Use wild garlic salt to season various dishes, it gives a special, garlicky flavor.<br \/>\nIngredients: Pink Himalayan salt, dried wild garlic (50%).<br \/>\nShake before use!<br \/>\nStore in a dark and cool place!<br \/>\nNet quantity 30g.<\/p>\n","protected":false},"featured_media":84541,"template":"","meta":[],"product_brand":[],"product_cat":[668],"product_tag":[],"class_list":{"0":"post-84613","1":"product","2":"type-product","3":"status-publish","4":"has-post-thumbnail","6":"product_cat-condiments-en","8":"first","9":"instock","10":"shipping-taxable","11":"purchasable","12":"product-type-simple"},"aioseo_notices":[],"_links":{"self":[{"href":"https:\/\/magasiait.ee\/en\/wp-json\/wp\/v2\/product\/84613","targetHints":{"allow":["GET"]}}],"collection":[{"href":"https:\/\/magasiait.ee\/en\/wp-json\/wp\/v2\/product"}],"about":[{"href":"https:\/\/magasiait.ee\/en\/wp-json\/wp\/v2\/types\/product"}],"wp:featuredmedia":[{"embeddable":true,"href":"https:\/\/magasiait.ee\/en\/wp-json\/wp\/v2\/media\/84541"}],"wp:attachment":[{"href":"https:\/\/magasiait.ee\/en\/wp-json\/wp\/v2\/media?parent=84613"}],"wp:term":[{"taxonomy":"product_brand","embeddable":true,"href":"https:\/\/magasiait.ee\/en\/wp-json\/wp\/v2\/product_brand?post=84613"},{"taxonomy":"product_cat","embeddable":true,"href":"https:\/\/magasiait.ee\/en\/wp-json\/wp\/v2\/product_cat?post=84613"},{"taxonomy":"product_tag","embeddable":true,"href":"https:\/\/magasiait.ee\/en\/wp-json\/wp\/v2\/product_tag?post=84613"}],"curies":[{"name":"wp","href":"https:\/\/api.w.org\/{rel}","templated":true}]}}