{"id":84615,"date":"2025-09-05T10:28:15","date_gmt":"2025-09-05T10:28:15","guid":{"rendered":"https:\/\/magasiait.ee\/toode\/old-believers-treat-onion-with-cranberry-and-old-tallinn-magasiaida-farm-pantry\/"},"modified":"2025-09-06T15:00:12","modified_gmt":"2025-09-06T15:00:12","slug":"old-believers-treat-onion-with-cranberry-and-old-tallinn-magasiaida-farm-pantry","status":"publish","type":"product","link":"https:\/\/magasiait.ee\/en\/product\/old-believers-treat-onion-with-cranberry-and-old-tallinn-magasiaida-farm-pantry\/","title":{"rendered":"Old Believers&#8217; treat &#8211; Onion with cranberry and Old Tallinn. Magasiaida Farm pantry"},"content":{"rendered":"<figure class=\"image image_resized\" style=\"width:14.66%\"><img decoding=\"async\" src=\"https:\/\/cdn.erply.com\/assets\/500235\/file\/uHEsVl8Tof1oOszkOvjtbK5mQmzMYbZZDAZxRkm5hw0PMKPZtI.png\"><\/figure>\n<p>Estonian<\/p>\n<p>Nutritional information:<\/p>\n<p>Energy content 620 kJ\/energy content 146 kcal: fats 0.179 g, polyunsaturated fatty acids 0.016 g, carbohydrates, absorbable 31.1 g, sugars, total 31.0 g, sugar alcohols 0.081 g, starch 0.016 g, fiber 2.10 g, proteins 1.04 g, salt equivalent 0.008 g<\/p>\n<p>Manufacturer: Magasiait O\u00dc, Lillekivi, Peatskivi village, Peipsi\u00e4\u00e4re parish, Tartu county 60201<\/p>\n","protected":false},"excerpt":{"rendered":"<p>A jam with a pleasant consistency that goes well with cheeses and meats, but is also ideal as an addition to ice cream.<br \/>\nIngredients: onion (64%), sugar, cranberry juice, caramel syrup, Vana Tallinn liqueur.<br \/>\nNet quantity: 100 ml.<\/p>\n","protected":false},"featured_media":84533,"template":"","meta":[],"product_brand":[],"product_cat":[674],"product_tag":[],"class_list":{"0":"post-84615","1":"product","2":"type-product","3":"status-publish","4":"has-post-thumbnail","6":"product_cat-jams-en","8":"first","9":"instock","10":"shipping-taxable","11":"purchasable","12":"product-type-simple"},"aioseo_notices":[],"_links":{"self":[{"href":"https:\/\/magasiait.ee\/en\/wp-json\/wp\/v2\/product\/84615","targetHints":{"allow":["GET"]}}],"collection":[{"href":"https:\/\/magasiait.ee\/en\/wp-json\/wp\/v2\/product"}],"about":[{"href":"https:\/\/magasiait.ee\/en\/wp-json\/wp\/v2\/types\/product"}],"wp:featuredmedia":[{"embeddable":true,"href":"https:\/\/magasiait.ee\/en\/wp-json\/wp\/v2\/media\/84533"}],"wp:attachment":[{"href":"https:\/\/magasiait.ee\/en\/wp-json\/wp\/v2\/media?parent=84615"}],"wp:term":[{"taxonomy":"product_brand","embeddable":true,"href":"https:\/\/magasiait.ee\/en\/wp-json\/wp\/v2\/product_brand?post=84615"},{"taxonomy":"product_cat","embeddable":true,"href":"https:\/\/magasiait.ee\/en\/wp-json\/wp\/v2\/product_cat?post=84615"},{"taxonomy":"product_tag","embeddable":true,"href":"https:\/\/magasiait.ee\/en\/wp-json\/wp\/v2\/product_tag?post=84615"}],"curies":[{"name":"wp","href":"https:\/\/api.w.org\/{rel}","templated":true}]}}