{"id":84617,"date":"2025-09-05T09:58:15","date_gmt":"2025-09-05T09:58:15","guid":{"rendered":"https:\/\/magasiait.ee\/toode\/old-believers-treat-onion-with-cranberry-and-ginger-magasiaida-talusahver\/"},"modified":"2025-09-06T15:00:13","modified_gmt":"2025-09-06T15:00:13","slug":"old-believers-treat-onion-with-cranberry-and-ginger-magasiaida-talusahver","status":"publish","type":"product","link":"https:\/\/magasiait.ee\/en\/product\/old-believers-treat-onion-with-cranberry-and-ginger-magasiaida-talusahver\/","title":{"rendered":"Old Believers&#8217; treat &#8211; Onion with cranberry and ginger. Magasiaida Talusahver."},"content":{"rendered":"<figure class=\"image image_resized\" style=\"width:14.37%\"><img decoding=\"async\" src=\"https:\/\/cdn.erply.com\/assets\/500235\/file\/uHEsVl8Tof1oOszkOvjtbK5mQmzMYbZZDAZxRkm5hw0PMKPZtI.png\"><\/figure>\n<p>Estonian<\/p>\n<p>Nutritional information:<\/p>\n<p>Energy content 603kJ\/142kcal: fat 0.340g, saturated fatty acids 0.117g, monounsaturated fatty acids 0.103g, polyunsaturated fatty acids 0.073g, carbohydrates, absorbable 32.3g, sugars 30.6g, starch 1.62g, fiber 2.53g, protein 1.26g, salt equivalent 0.015g.<\/p>\n<p>Manufacturer: Magasiait O\u00dc, Lillekivi, Peatskivi village, Peipsi\u00e4\u00e4re parish, Tartu county 60201<\/p>\n","protected":false},"excerpt":{"rendered":"<p>A jam with a pleasant consistency that goes well with cheeses and meats, but is also ideal as an addition to ice cream.<br \/>\nIngredients: onion (77%), sugar, cranberry juice, caramel syrup, ginger.<br \/>\nNet quantity: 100 ml.<\/p>\n","protected":false},"featured_media":84527,"template":"","meta":[],"product_brand":[],"product_cat":[674],"product_tag":[],"class_list":{"0":"post-84617","1":"product","2":"type-product","3":"status-publish","4":"has-post-thumbnail","6":"product_cat-jams-en","8":"first","9":"instock","10":"shipping-taxable","11":"purchasable","12":"product-type-simple"},"aioseo_notices":[],"_links":{"self":[{"href":"https:\/\/magasiait.ee\/en\/wp-json\/wp\/v2\/product\/84617","targetHints":{"allow":["GET"]}}],"collection":[{"href":"https:\/\/magasiait.ee\/en\/wp-json\/wp\/v2\/product"}],"about":[{"href":"https:\/\/magasiait.ee\/en\/wp-json\/wp\/v2\/types\/product"}],"wp:featuredmedia":[{"embeddable":true,"href":"https:\/\/magasiait.ee\/en\/wp-json\/wp\/v2\/media\/84527"}],"wp:attachment":[{"href":"https:\/\/magasiait.ee\/en\/wp-json\/wp\/v2\/media?parent=84617"}],"wp:term":[{"taxonomy":"product_brand","embeddable":true,"href":"https:\/\/magasiait.ee\/en\/wp-json\/wp\/v2\/product_brand?post=84617"},{"taxonomy":"product_cat","embeddable":true,"href":"https:\/\/magasiait.ee\/en\/wp-json\/wp\/v2\/product_cat?post=84617"},{"taxonomy":"product_tag","embeddable":true,"href":"https:\/\/magasiait.ee\/en\/wp-json\/wp\/v2\/product_tag?post=84617"}],"curies":[{"name":"wp","href":"https:\/\/api.w.org\/{rel}","templated":true}]}}