{"id":84773,"date":"2025-09-11T10:58:04","date_gmt":"2025-09-11T10:58:04","guid":{"rendered":"https:\/\/magasiait.ee\/toode\/herbal-tea-talusahvri-duo-dont-stress-a-cup-of-duo-tea-and-life-like-a-flower-10g-2\/"},"modified":"2025-09-12T15:00:42","modified_gmt":"2025-09-12T15:00:42","slug":"herbal-tea-talusahvri-duo-dont-stress-a-cup-of-duo-tea-and-life-like-a-flower-10g-2","status":"publish","type":"product","link":"https:\/\/magasiait.ee\/en\/product\/herbal-tea-talusahvri-duo-dont-stress-a-cup-of-duo-tea-and-life-like-a-flower-10g-2\/","title":{"rendered":"Herbal tea \u201cTalusahvri Duo\u201d Don&#8217;t stress, a cup of Duo tea and life like a flower 10g."},"content":{"rendered":"<figure class=\"image image_resized\" style=\"width:14.42%\"><img decoding=\"async\" src=\"https:\/\/cdn.erply.com\/files\/500235\/dVP4pF1yaYmi7RKQKTJC8JqYgleVBVO8e2SxKWhpunP2BvTOUD.png\"><\/figure>\n<p>Estonian<\/p>\n<p>Preparation: 1 teaspoon of tea mixture is poured over 200 ml of hot water. Let it brew for 8-10 minutes, or make a particularly strong infusion and dilute with hot water according to your desire.<\/p>\n<p>Manufacturer: Magasiait O\u00dc, Lillekivi, Peatskivi village, Peipsi\u00e4\u00e4re parish, Tartu county, 60201<\/p>\n","protected":false},"excerpt":{"rendered":"<p>A soothing tea blend for an active mind.<br \/>\nIngredients: peppermint and lavender flowers and leaves<br \/>\nNet quantity: 10 g.<\/p>\n","protected":false},"featured_media":84700,"template":"","meta":[],"product_brand":[],"product_cat":[649,1129],"product_tag":[],"class_list":{"0":"post-84773","1":"product","2":"type-product","3":"status-publish","4":"has-post-thumbnail","6":"product_cat-teas-en","7":"product_cat-magasiait-en","9":"first","10":"instock","11":"shipping-taxable","12":"purchasable","13":"product-type-simple"},"aioseo_notices":[],"_links":{"self":[{"href":"https:\/\/magasiait.ee\/en\/wp-json\/wp\/v2\/product\/84773","targetHints":{"allow":["GET"]}}],"collection":[{"href":"https:\/\/magasiait.ee\/en\/wp-json\/wp\/v2\/product"}],"about":[{"href":"https:\/\/magasiait.ee\/en\/wp-json\/wp\/v2\/types\/product"}],"wp:featuredmedia":[{"embeddable":true,"href":"https:\/\/magasiait.ee\/en\/wp-json\/wp\/v2\/media\/84700"}],"wp:attachment":[{"href":"https:\/\/magasiait.ee\/en\/wp-json\/wp\/v2\/media?parent=84773"}],"wp:term":[{"taxonomy":"product_brand","embeddable":true,"href":"https:\/\/magasiait.ee\/en\/wp-json\/wp\/v2\/product_brand?post=84773"},{"taxonomy":"product_cat","embeddable":true,"href":"https:\/\/magasiait.ee\/en\/wp-json\/wp\/v2\/product_cat?post=84773"},{"taxonomy":"product_tag","embeddable":true,"href":"https:\/\/magasiait.ee\/en\/wp-json\/wp\/v2\/product_tag?post=84773"}],"curies":[{"name":"wp","href":"https:\/\/api.w.org\/{rel}","templated":true}]}}