{"id":85138,"date":"2025-06-18T09:30:34","date_gmt":"2025-06-18T09:30:34","guid":{"rendered":"https:\/\/magasiait.ee\/toode\/kodavere-language-calendar-for-2026-kihelkonna-kualid\/"},"modified":"2025-10-02T15:00:06","modified_gmt":"2025-10-02T15:00:06","slug":"kodavere-language-calendar-for-2026-kihelkonna-kualid","status":"publish","type":"product","link":"https:\/\/magasiait.ee\/en\/product\/kodavere-language-calendar-for-2026-kihelkonna-kualid\/","title":{"rendered":"Kodavere language calendar for 2026 &#8220;Kihelkonna kualid&#8221;"},"content":{"rendered":"<p>The calendar was published by the Kodavere Heritage Centre with the support of the Local Initiative Programme. It was compiled by Elina Kalme, Helgi Vaga and Ergo-Hart V\u00e4strik. The compiler of the Kodavere verses published in the calendar and the dialect editor is Ann Kilk. Designed by Martin Nurm (Seri Disain O\u00dc).<\/p>\n<p>The calendar uses photographs from the collections of the Assikvere Educational Society, the Estonian History Museum, the Estonian Literary Museum, the Estonian National Museum, the Omedu Village Society, the National Archives, the Finnish Museums Board and private individuals. We would like to thank J\u00fcri Bender, Jaan Kalme, Laine Kangro and T\u00f5nis T\u00fcrna for their help in finding and captioning the photographs.&nbsp;<\/p>\n","protected":false},"excerpt":{"rendered":"<p>School-themed Kodavere wall calendar for 2026.<br \/>\nThis is a Kodavere language calendar, the design of which uses photos of former and current schools in the Kodavere parish. The calendar also includes an overview of the history of schools in the Kodavere parish.<br \/>\nSize 41&#215;30 cm.<\/p>\n","protected":false},"featured_media":81709,"template":"","meta":[],"product_brand":[],"product_cat":[],"product_tag":[],"class_list":{"0":"post-85138","1":"product","2":"type-product","3":"status-publish","4":"has-post-thumbnail","7":"first","8":"outofstock","9":"shipping-taxable","10":"purchasable","11":"product-type-simple"},"aioseo_notices":[],"_links":{"self":[{"href":"https:\/\/magasiait.ee\/en\/wp-json\/wp\/v2\/product\/85138","targetHints":{"allow":["GET"]}}],"collection":[{"href":"https:\/\/magasiait.ee\/en\/wp-json\/wp\/v2\/product"}],"about":[{"href":"https:\/\/magasiait.ee\/en\/wp-json\/wp\/v2\/types\/product"}],"wp:featuredmedia":[{"embeddable":true,"href":"https:\/\/magasiait.ee\/en\/wp-json\/wp\/v2\/media\/81709"}],"wp:attachment":[{"href":"https:\/\/magasiait.ee\/en\/wp-json\/wp\/v2\/media?parent=85138"}],"wp:term":[{"taxonomy":"product_brand","embeddable":true,"href":"https:\/\/magasiait.ee\/en\/wp-json\/wp\/v2\/product_brand?post=85138"},{"taxonomy":"product_cat","embeddable":true,"href":"https:\/\/magasiait.ee\/en\/wp-json\/wp\/v2\/product_cat?post=85138"},{"taxonomy":"product_tag","embeddable":true,"href":"https:\/\/magasiait.ee\/en\/wp-json\/wp\/v2\/product_tag?post=85138"}],"curies":[{"name":"wp","href":"https:\/\/api.w.org\/{rel}","templated":true}]}}