{"id":87020,"date":"2025-11-05T09:16:10","date_gmt":"2025-11-05T09:16:10","guid":{"rendered":"https:\/\/magasiait.ee\/toode\/magasiaida-talusahvri-big-brothers-jam-212-ml\/"},"modified":"2025-11-06T16:00:22","modified_gmt":"2025-11-06T16:00:22","slug":"magasiaida-talusahvri-big-brothers-jam-212-ml","status":"publish","type":"product","link":"https:\/\/magasiait.ee\/en\/product\/magasiaida-talusahvri-big-brothers-jam-212-ml\/","title":{"rendered":"Magasiaida Talusahvri \u201cBig Brother\u2019s Jam\u201d 212 ml."},"content":{"rendered":"<figure class=\"image image_resized\" style=\"width:12.69%\"><img decoding=\"async\" src=\"https:\/\/cdn.erply.com\/files\/500235\/3QUjD8uHf5NMP3ZxHkGYfpCeJLkXUXiLczhqINraggXLCdZyUU.png\"><\/figure>\n<p>Estonia<\/p>\n<p>Nutritional information:<\/p>\n<p>100g of product contains: energy 740kJ\/174 kcal, fat 1g, of which saturated fatty acids 0.3g, carbohydrates 40.7g, sugars 39g, protein 0.9g, salt 0.002g.<\/p>\n<p>After opening, store in the refrigerator and consume within a week.<\/p>\n<p>Manufacturer: Magasiait O\u00dc, Lillekivi, Peatskivi village, Peipsi\u00e4\u00e4re parish, Tartu county 60201<\/p>\n","protected":false},"excerpt":{"rendered":"<p>Pleasantly dark plum jam.<br \/>\nEat it with a spoon straight from the jar!<br \/>\nIngredients: Plums (70%), sugar, jam sugar, cocoa powder.<br \/>\nNet quantity: 212 ml<br \/>\nMade with love!<\/p>\n","protected":false},"featured_media":86813,"template":"","meta":[],"product_brand":[],"product_cat":[674,1129],"product_tag":[],"class_list":{"0":"post-87020","1":"product","2":"type-product","3":"status-publish","4":"has-post-thumbnail","6":"product_cat-jams-en","7":"product_cat-magasiait-en","9":"first","10":"instock","11":"shipping-taxable","12":"purchasable","13":"product-type-simple"},"aioseo_notices":[],"_links":{"self":[{"href":"https:\/\/magasiait.ee\/en\/wp-json\/wp\/v2\/product\/87020","targetHints":{"allow":["GET"]}}],"collection":[{"href":"https:\/\/magasiait.ee\/en\/wp-json\/wp\/v2\/product"}],"about":[{"href":"https:\/\/magasiait.ee\/en\/wp-json\/wp\/v2\/types\/product"}],"wp:featuredmedia":[{"embeddable":true,"href":"https:\/\/magasiait.ee\/en\/wp-json\/wp\/v2\/media\/86813"}],"wp:attachment":[{"href":"https:\/\/magasiait.ee\/en\/wp-json\/wp\/v2\/media?parent=87020"}],"wp:term":[{"taxonomy":"product_brand","embeddable":true,"href":"https:\/\/magasiait.ee\/en\/wp-json\/wp\/v2\/product_brand?post=87020"},{"taxonomy":"product_cat","embeddable":true,"href":"https:\/\/magasiait.ee\/en\/wp-json\/wp\/v2\/product_cat?post=87020"},{"taxonomy":"product_tag","embeddable":true,"href":"https:\/\/magasiait.ee\/en\/wp-json\/wp\/v2\/product_tag?post=87020"}],"curies":[{"name":"wp","href":"https:\/\/api.w.org\/{rel}","templated":true}]}}