{"id":87253,"date":"2025-11-12T13:55:56","date_gmt":"2025-11-12T13:55:56","guid":{"rendered":"https:\/\/magasiait.ee\/toode\/magasiaida-talusahvri-extremely-spicy-pickled-cucumber-1-7l\/"},"modified":"2025-11-14T16:00:05","modified_gmt":"2025-11-14T16:00:05","slug":"magasiaida-talusahvri-extremely-spicy-pickled-cucumber-1-7l","status":"publish","type":"product","link":"https:\/\/magasiait.ee\/en\/product\/magasiaida-talusahvri-extremely-spicy-pickled-cucumber-1-7l\/","title":{"rendered":"Magasiaida Talusahvri EXTREMELY spicy pickled cucumber 1.7L"},"content":{"rendered":"<figure class=\"image image_resized\" style=\"width:13.11%\"><img decoding=\"async\" src=\"https:\/\/cdn.erply.com\/assets\/500235\/file\/YgBjpUYHFkuHoTp75lK9UJuUXmsq3r4v73Yxf28pnW7WOBTwcJ.png\"><\/figure>\n<p>Estonian<\/p>\n<p>Keep refrigerated after opening and consume within a week.<\/p>\n<p>Nutritional value per 100 g:<\/p>\n<p>Energy content 104 kJ,<\/p>\n<p>Energy content 25 kcal<br \/>Fat 0.6 g<\/p>\n<p>Saturated fatty acids 0.2 g<br \/>Carbohydrates, absorbable 3.29 g<\/p>\n<p>Sugars, total 3.29 g<br \/>Proteins 0.7 g<\/p>\n<p>Salt equivalent 2.06 g<br \/>Manufacturer: Magasiait O\u00dc, Peatskivi, Peipsi\u00e4\u00e4re parish.<\/p>\n","protected":false},"excerpt":{"rendered":"<p>This big jar is full of flavors and memories of Lake Peipsi!<br \/>\nLocal cucumbers, garlic and a recipe.<br \/>\nNicely small, crunchy cucumbers are a perfect addition to both a birthday and Christmas table in a jar full to the brim.<br \/>\nIngredients: cucumbers, vinegar, cucumber marinade, chili powder, sugar. <\/p>\n","protected":false},"featured_media":87198,"template":"","meta":[],"product_brand":[],"product_cat":[1481],"product_tag":[],"class_list":{"0":"post-87253","1":"product","2":"type-product","3":"status-publish","4":"has-post-thumbnail","6":"product_cat-salty-preserv","8":"first","9":"instock","10":"shipping-taxable","11":"purchasable","12":"product-type-simple"},"aioseo_notices":[],"_links":{"self":[{"href":"https:\/\/magasiait.ee\/en\/wp-json\/wp\/v2\/product\/87253","targetHints":{"allow":["GET"]}}],"collection":[{"href":"https:\/\/magasiait.ee\/en\/wp-json\/wp\/v2\/product"}],"about":[{"href":"https:\/\/magasiait.ee\/en\/wp-json\/wp\/v2\/types\/product"}],"wp:featuredmedia":[{"embeddable":true,"href":"https:\/\/magasiait.ee\/en\/wp-json\/wp\/v2\/media\/87198"}],"wp:attachment":[{"href":"https:\/\/magasiait.ee\/en\/wp-json\/wp\/v2\/media?parent=87253"}],"wp:term":[{"taxonomy":"product_brand","embeddable":true,"href":"https:\/\/magasiait.ee\/en\/wp-json\/wp\/v2\/product_brand?post=87253"},{"taxonomy":"product_cat","embeddable":true,"href":"https:\/\/magasiait.ee\/en\/wp-json\/wp\/v2\/product_cat?post=87253"},{"taxonomy":"product_tag","embeddable":true,"href":"https:\/\/magasiait.ee\/en\/wp-json\/wp\/v2\/product_tag?post=87253"}],"curies":[{"name":"wp","href":"https:\/\/api.w.org\/{rel}","templated":true}]}}