{"id":87255,"date":"2025-11-12T13:26:08","date_gmt":"2025-11-12T13:26:08","guid":{"rendered":"https:\/\/magasiait.ee\/toode\/magasiaida-farm-pantry-pizza-topping-autumn-250-ml\/"},"modified":"2025-11-14T16:00:06","modified_gmt":"2025-11-14T16:00:06","slug":"magasiaida-farm-pantry-pizza-topping-autumn-250-ml","status":"publish","type":"product","link":"https:\/\/magasiait.ee\/en\/product\/magasiaida-farm-pantry-pizza-topping-autumn-250-ml\/","title":{"rendered":"Magasiaida Farm Pantry Pizza Topping &#8220;Autumn&#8221; 250 ml."},"content":{"rendered":"<figure class=\"image image_resized\" style=\"width:13.09%\"><img decoding=\"async\" src=\"https:\/\/cdn.erply.com\/assets\/500235\/file\/YgBjpUYHFkuHoTp75lK9UJuUXmsq3r4v73Yxf28pnW7WOBTwcJ.png\"><\/figure>\n<p>Estonian<\/p>\n<p>After opening, keep refrigerated and consume within a week.<\/p>\n<p>Nutritional value per 100 g: Energy content 435.201 kJ<\/p>\n<p>Energy content 104.641 kcal<\/p>\n<p>Fat 6.563 g Saturated fatty acids 0.963 g<\/p>\n<p>Carbohydrates 8.548 g Sugar 8.324 g<\/p>\n<p>Proteins 1.526 g<\/p>\n<p>Salt equivalent 0.082 g<\/p>\n<p>Manufacturer: Magasiait O\u00dc, Peatskivi, Peipsi\u00e4\u00e4re parish.&nbsp;<\/p>\n","protected":false},"excerpt":{"rendered":"<p>Everything in this spacious jar is ready to delight your taste buds. It doesn&#8217;t matter whether you put it on pizza, as a side dish for meat or just eat it as is, especially at night, straight from the fridge.<br \/>\nMagasiaida Talusahver wishes you a BONUS APPETITE!<br \/>\nIngredients: tomato, bell pepper, onion, carrot, various wild mushrooms, oil, sugar, apple cider vinegar, salt, black pepper.<\/p>\n","protected":false},"featured_media":87194,"template":"","meta":[],"product_brand":[],"product_cat":[1129,1481],"product_tag":[],"class_list":{"0":"post-87255","1":"product","2":"type-product","3":"status-publish","4":"has-post-thumbnail","6":"product_cat-magasiait-en","7":"product_cat-salty-preserv","9":"first","10":"instock","11":"shipping-taxable","12":"purchasable","13":"product-type-simple"},"aioseo_notices":[],"_links":{"self":[{"href":"https:\/\/magasiait.ee\/en\/wp-json\/wp\/v2\/product\/87255","targetHints":{"allow":["GET"]}}],"collection":[{"href":"https:\/\/magasiait.ee\/en\/wp-json\/wp\/v2\/product"}],"about":[{"href":"https:\/\/magasiait.ee\/en\/wp-json\/wp\/v2\/types\/product"}],"wp:featuredmedia":[{"embeddable":true,"href":"https:\/\/magasiait.ee\/en\/wp-json\/wp\/v2\/media\/87194"}],"wp:attachment":[{"href":"https:\/\/magasiait.ee\/en\/wp-json\/wp\/v2\/media?parent=87255"}],"wp:term":[{"taxonomy":"product_brand","embeddable":true,"href":"https:\/\/magasiait.ee\/en\/wp-json\/wp\/v2\/product_brand?post=87255"},{"taxonomy":"product_cat","embeddable":true,"href":"https:\/\/magasiait.ee\/en\/wp-json\/wp\/v2\/product_cat?post=87255"},{"taxonomy":"product_tag","embeddable":true,"href":"https:\/\/magasiait.ee\/en\/wp-json\/wp\/v2\/product_tag?post=87255"}],"curies":[{"name":"wp","href":"https:\/\/api.w.org\/{rel}","templated":true}]}}