{"id":87287,"date":"2025-11-15T13:12:32","date_gmt":"2025-11-15T13:12:32","guid":{"rendered":"https:\/\/magasiait.ee\/toode\/magasiaida-talusahvri-nettle-leaf-tea-talusahvri-pharmacy-10g\/"},"modified":"2025-11-17T16:00:06","modified_gmt":"2025-11-17T16:00:06","slug":"magasiaida-talusahvri-nettle-leaf-tea-talusahvri-pharmacy-10g","status":"publish","type":"product","link":"https:\/\/magasiait.ee\/en\/product\/magasiaida-talusahvri-nettle-leaf-tea-talusahvri-pharmacy-10g\/","title":{"rendered":"Magasiaida Talusahvri nettle leaf tea &#8211; Talusahvri pharmacy 10g.."},"content":{"rendered":"<figure class=\"image image_resized\" style=\"width:13.11%\"><img decoding=\"async\" src=\"https:\/\/cdn.erply.com\/files\/500235\/dVP4pF1yaYmi7RKQKTJC8JqYgleVBVO8e2SxKWhpunP2BvTOUD.png\"><\/figure>\n<p>Estonian<\/p>\n<p>Preparation: Pour 1 teaspoon of tea mixture over 200 ml of hot water. Let it brew for 8-10 minutes.<\/p>\n<p>Manufacturer: Magasiait O\u00dc, Lillekivi, Peatskivi village, Tartumaa, Peipsi\u00e4\u00e4re parish.<\/p>\n<p>Store opened in a dry and cool place.&nbsp;<\/p>\n","protected":false},"excerpt":{"rendered":"<p>Nettle burns, but it heals!<br \/>\nContains vitamin C, iron, organic acids, B1, P, carotene and carotene.<br \/>\nPurifies the blood, improves metabolism, provides iron, helps achieve an even tan.<br \/>\nIf blood clotting is increased, you should completely abandon nettle foods and drinks.<br \/>\nDo not consume for more than two weeks, otherwise you may do more harm than good!<br \/>\nEnjoy drinking tea and recovering!<br \/>\nVolume: 10 g.<br \/>\nIngredients: 100% dried nettle leaves.<\/p>\n","protected":false},"featured_media":87261,"template":"","meta":[],"product_brand":[],"product_cat":[649,1129],"product_tag":[],"class_list":{"0":"post-87287","1":"product","2":"type-product","3":"status-publish","4":"has-post-thumbnail","6":"product_cat-teas-en","7":"product_cat-magasiait-en","9":"first","10":"instock","11":"shipping-taxable","12":"purchasable","13":"product-type-simple"},"aioseo_notices":[],"_links":{"self":[{"href":"https:\/\/magasiait.ee\/en\/wp-json\/wp\/v2\/product\/87287","targetHints":{"allow":["GET"]}}],"collection":[{"href":"https:\/\/magasiait.ee\/en\/wp-json\/wp\/v2\/product"}],"about":[{"href":"https:\/\/magasiait.ee\/en\/wp-json\/wp\/v2\/types\/product"}],"wp:featuredmedia":[{"embeddable":true,"href":"https:\/\/magasiait.ee\/en\/wp-json\/wp\/v2\/media\/87261"}],"wp:attachment":[{"href":"https:\/\/magasiait.ee\/en\/wp-json\/wp\/v2\/media?parent=87287"}],"wp:term":[{"taxonomy":"product_brand","embeddable":true,"href":"https:\/\/magasiait.ee\/en\/wp-json\/wp\/v2\/product_brand?post=87287"},{"taxonomy":"product_cat","embeddable":true,"href":"https:\/\/magasiait.ee\/en\/wp-json\/wp\/v2\/product_cat?post=87287"},{"taxonomy":"product_tag","embeddable":true,"href":"https:\/\/magasiait.ee\/en\/wp-json\/wp\/v2\/product_tag?post=87287"}],"curies":[{"name":"wp","href":"https:\/\/api.w.org\/{rel}","templated":true}]}}