{"id":87380,"date":"2025-11-19T10:48:09","date_gmt":"2025-11-19T10:48:09","guid":{"rendered":"https:\/\/magasiait.ee\/toode\/lucky-drops-45-vol-200ml-onne-distillery-round-bottle\/"},"modified":"2025-11-20T16:00:09","modified_gmt":"2025-11-20T16:00:09","slug":"lucky-drops-45-vol-200ml-onne-distillery-round-bottle","status":"publish","type":"product","link":"https:\/\/magasiait.ee\/en\/product\/lucky-drops-45-vol-200ml-onne-distillery-round-bottle\/","title":{"rendered":"&#8220;Lucky Drops&#8221; 45% vol 200ml &#8211; \u00d5nne Distillery (round bottle)"},"content":{"rendered":"<figure class=\"image image_resized\" style=\"width:13.31%\"><img decoding=\"async\" src=\"https:\/\/cdn.erply.com\/assets\/500235\/file\/IqxmeCvrRNJIAMkdl5xF5PLUgSm33UK9SfU0bGChjr5d4zf3aE.png\"><\/figure>\n<p>Estonia<\/p>\n<p>Manufacturer: \u00d5nnetilk O\u00dc, \u00d5nne farm, Peipsi\u00e4\u00e4re parish, Tartu county, Estonia<\/p>\n","protected":false},"excerpt":{"rendered":"<p>A spirit drink made from honey.<br \/>\nThe raw material for the handmade \u00d5nnetilkade is \u00d5nne farm honey.<br \/>\nThe product may contain natural sediment, which comes from the peculiarity of caramelized honey.<br \/>\nThe bottle contains 200 ml of liquor for a nice, slow enjoyment.<br \/>\nNB: when ordering, be sure to indicate in the notes that you are of legal age. If there is no note, wait for our e-mail or phone call. We will not post the package before receiving confirmation.<\/p>\n","protected":false},"featured_media":87300,"template":"","meta":[],"product_brand":[],"product_cat":[738],"product_tag":[],"class_list":{"0":"post-87380","1":"product","2":"type-product","3":"status-publish","4":"has-post-thumbnail","6":"product_cat-strong-alcohols-en","8":"first","9":"instock","10":"shipping-taxable","11":"purchasable","12":"product-type-simple"},"aioseo_notices":[],"_links":{"self":[{"href":"https:\/\/magasiait.ee\/en\/wp-json\/wp\/v2\/product\/87380","targetHints":{"allow":["GET"]}}],"collection":[{"href":"https:\/\/magasiait.ee\/en\/wp-json\/wp\/v2\/product"}],"about":[{"href":"https:\/\/magasiait.ee\/en\/wp-json\/wp\/v2\/types\/product"}],"wp:featuredmedia":[{"embeddable":true,"href":"https:\/\/magasiait.ee\/en\/wp-json\/wp\/v2\/media\/87300"}],"wp:attachment":[{"href":"https:\/\/magasiait.ee\/en\/wp-json\/wp\/v2\/media?parent=87380"}],"wp:term":[{"taxonomy":"product_brand","embeddable":true,"href":"https:\/\/magasiait.ee\/en\/wp-json\/wp\/v2\/product_brand?post=87380"},{"taxonomy":"product_cat","embeddable":true,"href":"https:\/\/magasiait.ee\/en\/wp-json\/wp\/v2\/product_cat?post=87380"},{"taxonomy":"product_tag","embeddable":true,"href":"https:\/\/magasiait.ee\/en\/wp-json\/wp\/v2\/product_tag?post=87380"}],"curies":[{"name":"wp","href":"https:\/\/api.w.org\/{rel}","templated":true}]}}