{"id":87382,"date":"2025-11-19T09:33:11","date_gmt":"2025-11-19T09:33:11","guid":{"rendered":"https:\/\/magasiait.ee\/toode\/magasiaida-talusahvri-spicy-mountain-ash-sauce-100ml\/"},"modified":"2025-11-20T16:00:10","modified_gmt":"2025-11-20T16:00:10","slug":"magasiaida-talusahvri-spicy-mountain-ash-sauce-100ml","status":"publish","type":"product","link":"https:\/\/magasiait.ee\/en\/product\/magasiaida-talusahvri-spicy-mountain-ash-sauce-100ml\/","title":{"rendered":"Magasiaida Talusahvri &#8220;Spicy mountain ash sauce&#8221; 100ml."},"content":{"rendered":"<figure class=\"image image_resized\" style=\"width:13.16%\"><img decoding=\"async\" src=\"https:\/\/cdn.erply.com\/assets\/500235\/file\/7CmkK6DmclBu5YerVQBNxByIhPMbKiV25CZlfTId9cSdKGCKl7.png\"><\/figure>\n<p>Estonia<\/p>\n<p>Nutritional information:<\/p>\n<p>100g of product contains: energy 955kJ\/226 kcal, fat 2 g, of which saturated fatty acids 0.2 g, carbohydrates 50.7 g, sugars 43 g, protein 1.2 g, salt 0.006 g.<\/p>\n<p>Made from 66g of mountain ash per 100g.<\/p>\n<p>Total sugar content 31g per 100g.<\/p>\n<p>Manufacturer: Magasiait O\u00dc, Lillekivi, Peatskivi village, Peipsi\u00e4\u00e4re parish, Tartu county 60201.<\/p>\n<p>After opening, store in the refrigerator and consume within a week.&nbsp;<\/p>\n","protected":false},"excerpt":{"rendered":"<p>The taste of mountain ash is irresistible, but once you get the taste in your mouth, you won&#8217;t regret trying it.<br \/>\nEspecially lovers of wild animal meat.<br \/>\nIngredients: mountain ash (67%), jam sugar, paprika powder, chili, salt, black pepper.<br \/>\n100 ml of flavorful sauce in a jar.<\/p>\n","protected":false},"featured_media":87293,"template":"","meta":[],"product_brand":[],"product_cat":[674,735,1129],"product_tag":[],"class_list":{"0":"post-87382","1":"product","2":"type-product","3":"status-publish","4":"has-post-thumbnail","6":"product_cat-jams-en","7":"product_cat-sauces-en","8":"product_cat-magasiait-en","10":"first","11":"instock","12":"shipping-taxable","13":"purchasable","14":"product-type-simple"},"aioseo_notices":[],"_links":{"self":[{"href":"https:\/\/magasiait.ee\/en\/wp-json\/wp\/v2\/product\/87382","targetHints":{"allow":["GET"]}}],"collection":[{"href":"https:\/\/magasiait.ee\/en\/wp-json\/wp\/v2\/product"}],"about":[{"href":"https:\/\/magasiait.ee\/en\/wp-json\/wp\/v2\/types\/product"}],"wp:featuredmedia":[{"embeddable":true,"href":"https:\/\/magasiait.ee\/en\/wp-json\/wp\/v2\/media\/87293"}],"wp:attachment":[{"href":"https:\/\/magasiait.ee\/en\/wp-json\/wp\/v2\/media?parent=87382"}],"wp:term":[{"taxonomy":"product_brand","embeddable":true,"href":"https:\/\/magasiait.ee\/en\/wp-json\/wp\/v2\/product_brand?post=87382"},{"taxonomy":"product_cat","embeddable":true,"href":"https:\/\/magasiait.ee\/en\/wp-json\/wp\/v2\/product_cat?post=87382"},{"taxonomy":"product_tag","embeddable":true,"href":"https:\/\/magasiait.ee\/en\/wp-json\/wp\/v2\/product_tag?post=87382"}],"curies":[{"name":"wp","href":"https:\/\/api.w.org\/{rel}","templated":true}]}}