{"id":89678,"date":"2026-01-17T16:00:15","date_gmt":"2026-01-17T16:00:15","guid":{"rendered":"https:\/\/magasiait.ee\/toode\/magasiaida-talusahvri-silk-sibulka-with-sea-buckthorn-100-ml\/"},"modified":"2026-01-17T16:00:15","modified_gmt":"2026-01-17T16:00:15","slug":"magasiaida-talusahvri-silk-sibulka-with-sea-buckthorn-100-ml","status":"publish","type":"product","link":"https:\/\/magasiait.ee\/en\/product\/magasiaida-talusahvri-silk-sibulka-with-sea-buckthorn-100-ml\/","title":{"rendered":"Magasiaida Talusahvri \u201cSilk Sibulka with Sea Buckthorn\u201d 100 ml."},"content":{"rendered":"<figure class=\"image image_resized\" style=\"width:13.1%\"><img decoding=\"async\" src=\"https:\/\/cdn.erply.com\/assets\/500235\/file\/uHEsVl8Tof1oOszkOvjtbK5mQmzMYbZZDAZxRkm5hw0PMKPZtI.png\"><\/figure>\n<p>Estonian<\/p>\n<p>Ingredients: onion (65%), sugar, sea buckthorn syrup (6%), salt.<\/p>\n<p>Made from 65g onions per 100g of product.<br \/>Total sugar content 65g per 100g.<br \/>Nutritional information:<br \/>100g of product contains: energy 675kJ\/159kcal, fat 0.8g, of which saturated fatty acids 0.02g, carbohydrates 36g, of which sugars 36g, proteins 1.1g, salt 0.3g.<\/p>\n<p>Net quantity: 100 ml<\/p>\n<p>Manufacturer: Magasiait O\u00dc, Lillekivi, Peatskivi village, Peipsi\u00e4\u00e4re parish Tartu county 60216<\/p>\n","protected":false},"excerpt":{"rendered":"<p>A mildly flavored, slightly sour onion jam that goes wonderfully with various meat dishes, cheese and snack platters.<\/p>\n<p>After opening, store in the refrigerator and consume within a week.<\/p>\n","protected":false},"featured_media":0,"template":"","meta":[],"product_brand":[],"product_cat":[674,1129],"product_tag":[],"class_list":{"0":"post-89678","1":"product","2":"type-product","3":"status-publish","5":"product_cat-jams-en","6":"product_cat-magasiait-en","8":"first","9":"instock","10":"shipping-taxable","11":"product-type-simple"},"aioseo_notices":[],"_links":{"self":[{"href":"https:\/\/magasiait.ee\/en\/wp-json\/wp\/v2\/product\/89678","targetHints":{"allow":["GET"]}}],"collection":[{"href":"https:\/\/magasiait.ee\/en\/wp-json\/wp\/v2\/product"}],"about":[{"href":"https:\/\/magasiait.ee\/en\/wp-json\/wp\/v2\/types\/product"}],"wp:attachment":[{"href":"https:\/\/magasiait.ee\/en\/wp-json\/wp\/v2\/media?parent=89678"}],"wp:term":[{"taxonomy":"product_brand","embeddable":true,"href":"https:\/\/magasiait.ee\/en\/wp-json\/wp\/v2\/product_brand?post=89678"},{"taxonomy":"product_cat","embeddable":true,"href":"https:\/\/magasiait.ee\/en\/wp-json\/wp\/v2\/product_cat?post=89678"},{"taxonomy":"product_tag","embeddable":true,"href":"https:\/\/magasiait.ee\/en\/wp-json\/wp\/v2\/product_tag?post=89678"}],"curies":[{"name":"wp","href":"https:\/\/api.w.org\/{rel}","templated":true}]}}