{"id":89680,"date":"2026-01-17T16:00:16","date_gmt":"2026-01-17T16:00:16","guid":{"rendered":"https:\/\/magasiait.ee\/toode\/magasiaida-talusahvri-spicy-sibulka-with-rum-100-ml\/"},"modified":"2026-01-17T16:00:16","modified_gmt":"2026-01-17T16:00:16","slug":"magasiaida-talusahvri-spicy-sibulka-with-rum-100-ml","status":"publish","type":"product","link":"https:\/\/magasiait.ee\/en\/product\/magasiaida-talusahvri-spicy-sibulka-with-rum-100-ml\/","title":{"rendered":"Magasiaida Talusahvri \u201cSpicy Sibulka with Rum\u201d 100 ml."},"content":{"rendered":"<figure class=\"image image_resized\" style=\"width:13.12%\"><img decoding=\"async\" src=\"https:\/\/cdn.erply.com\/assets\/500235\/file\/uHEsVl8Tof1oOszkOvjtbK5mQmzMYbZZDAZxRkm5hw0PMKPZtI.png\"><\/figure>\n<p>Estonian<\/p>\n<p>Ingredients: onion (65%), sugar, chili, rum (6%).<br \/>Net quantity: 100 ml<\/p>\n<p>Made from 60 g of onions per 100 g of product.<\/p>\n<p>Nutritional information:<\/p>\n<p>100 g of product contains: energy 844kJ\/200kcal, fat 1.3g, of which saturated fatty acids 0.2g, carbohydrates 40g, of which sugars 38g, protein 1.6g, salt 0.3g<\/p>\n<p>Manufacturer: Magasiait O\u00dc, Lillekivi, Peatskivi village, Peipsi\u00e4\u00e4re parish, Tartu county 60216<\/p>\n","protected":false},"excerpt":{"rendered":"<p>Spicy caramelized onion jam.<br \/>\nPerfect with meat dishes, cheese and snack platters.<\/p>\n","protected":false},"featured_media":0,"template":"","meta":[],"product_brand":[],"product_cat":[674,1129],"product_tag":[],"class_list":{"0":"post-89680","1":"product","2":"type-product","3":"status-publish","5":"product_cat-jams-en","6":"product_cat-magasiait-en","8":"first","9":"instock","10":"shipping-taxable","11":"product-type-simple"},"aioseo_notices":[],"_links":{"self":[{"href":"https:\/\/magasiait.ee\/en\/wp-json\/wp\/v2\/product\/89680","targetHints":{"allow":["GET"]}}],"collection":[{"href":"https:\/\/magasiait.ee\/en\/wp-json\/wp\/v2\/product"}],"about":[{"href":"https:\/\/magasiait.ee\/en\/wp-json\/wp\/v2\/types\/product"}],"wp:attachment":[{"href":"https:\/\/magasiait.ee\/en\/wp-json\/wp\/v2\/media?parent=89680"}],"wp:term":[{"taxonomy":"product_brand","embeddable":true,"href":"https:\/\/magasiait.ee\/en\/wp-json\/wp\/v2\/product_brand?post=89680"},{"taxonomy":"product_cat","embeddable":true,"href":"https:\/\/magasiait.ee\/en\/wp-json\/wp\/v2\/product_cat?post=89680"},{"taxonomy":"product_tag","embeddable":true,"href":"https:\/\/magasiait.ee\/en\/wp-json\/wp\/v2\/product_tag?post=89680"}],"curies":[{"name":"wp","href":"https:\/\/api.w.org\/{rel}","templated":true}]}}