{"id":89682,"date":"2026-01-17T16:00:16","date_gmt":"2026-01-17T16:00:16","guid":{"rendered":"https:\/\/magasiait.ee\/toode\/magasiaida-talusahvri-hot-sibulka-with-chilli-100-ml\/"},"modified":"2026-01-17T16:00:17","modified_gmt":"2026-01-17T16:00:17","slug":"magasiaida-talusahvri-hot-sibulka-with-chilli-100-ml","status":"publish","type":"product","link":"https:\/\/magasiait.ee\/en\/product\/magasiaida-talusahvri-hot-sibulka-with-chilli-100-ml\/","title":{"rendered":"Magasiaida Talusahvri \u201cHot Sibulka with Chilli\u201d 100 ml."},"content":{"rendered":"<figure class=\"image image_resized\" style=\"width:12.98%\"><img decoding=\"async\" src=\"https:\/\/cdn.erply.com\/assets\/500235\/file\/uHEsVl8Tof1oOszkOvjtbK5mQmzMYbZZDAZxRkm5hw0PMKPZtI.png\"><\/figure>\n<p>Estonian<\/p>\n<p>Ingredients: onion (60%), sugar, chili (12%), salt.<br \/>Net quantity: 100 ml<\/p>\n<p>Made from 65g onions per 100g product.<\/p>\n<p>Nutritional information:<\/p>\n<p>100g product contains: energy 884kJ\/209kcal, fat 2.5g, of which saturated fatty acids 0.4g, carbohydrates 42g, of which sugars 39g, protein 2.5g, salt 0.3g.<\/p>\n<p>Manufacturer: Magasiait O\u00dc, Lillekivi, Peatskivi village, Peipsi\u00e4\u00e4re parish, Tartu county 60216<\/p>\n","protected":false},"excerpt":{"rendered":"<p>Slightly spicy caramelized onion jam.<br \/>\nPerfect with meat dishes, cheese and snack platters.<\/p>\n","protected":false},"featured_media":0,"template":"","meta":[],"product_brand":[],"product_cat":[674,1129],"product_tag":[],"class_list":{"0":"post-89682","1":"product","2":"type-product","3":"status-publish","5":"product_cat-jams-en","6":"product_cat-magasiait-en","8":"first","9":"instock","10":"shipping-taxable","11":"product-type-simple"},"aioseo_notices":[],"_links":{"self":[{"href":"https:\/\/magasiait.ee\/en\/wp-json\/wp\/v2\/product\/89682","targetHints":{"allow":["GET"]}}],"collection":[{"href":"https:\/\/magasiait.ee\/en\/wp-json\/wp\/v2\/product"}],"about":[{"href":"https:\/\/magasiait.ee\/en\/wp-json\/wp\/v2\/types\/product"}],"wp:attachment":[{"href":"https:\/\/magasiait.ee\/en\/wp-json\/wp\/v2\/media?parent=89682"}],"wp:term":[{"taxonomy":"product_brand","embeddable":true,"href":"https:\/\/magasiait.ee\/en\/wp-json\/wp\/v2\/product_brand?post=89682"},{"taxonomy":"product_cat","embeddable":true,"href":"https:\/\/magasiait.ee\/en\/wp-json\/wp\/v2\/product_cat?post=89682"},{"taxonomy":"product_tag","embeddable":true,"href":"https:\/\/magasiait.ee\/en\/wp-json\/wp\/v2\/product_tag?post=89682"}],"curies":[{"name":"wp","href":"https:\/\/api.w.org\/{rel}","templated":true}]}}