{"id":92049,"date":"2026-04-02T15:00:04","date_gmt":"2026-04-02T15:00:04","guid":{"rendered":"https:\/\/magasiait.ee\/toode\/magasiaida-talusahvri-apple-jam-with-chocolate-mutella-212-ml\/"},"modified":"2026-04-02T15:00:04","modified_gmt":"2026-04-02T15:00:04","slug":"magasiaida-talusahvri-apple-jam-with-chocolate-mutella-212-ml","status":"publish","type":"product","link":"https:\/\/magasiait.ee\/en\/product\/magasiaida-talusahvri-apple-jam-with-chocolate-mutella-212-ml\/","title":{"rendered":"Magasiaida Talusahvri apple jam with chocolate &#8220;Mutella&#8221; 212 ml"},"content":{"rendered":"<figure class=\"image image_resized\" style=\"width:13.12%\"><img decoding=\"async\" src=\"https:\/\/cdn.erply.com\/files\/500235\/3H1cuR7CbKy3PfwYv6ylvvqWMwSmuwpUegJzBi32AkQScmgggg.png\"><\/figure>\n<p>Estonian<\/p>\n<p>Ingredients: apple, sugar, water, dark chocolate (with whole<strong><u> hazelnuts<\/u><\/strong>).<\/p>\n<p>Net quantity: 212 ml<br \/>Made from 95g apples per 100g of product.<br \/>Total sugar content 30g per 100g.<\/p>\n<p>Nutritional information:<br \/>100g of product contains: energy 1160kJ\/275kcal, fats 6.4g, of which saturated fatty acids 3.8g, carbohydrates 52g, sugars 45g, proteins 1.5g, salt 0.004g.<br \/>Manufacturer: Magasiait O\u00dc, Lillekivi, Peatskivi village, Peipsi\u00e4\u00e4re parish, Tartu county 60201.<br \/>&nbsp;www.magasiait.ee<br \/>After opening, store in the refrigerator and consume within a week.<\/p>\n<p><strong><u>NB: CONTAINS ALLERGENS.<\/u><\/strong><\/p>\n","protected":false},"excerpt":{"rendered":"<p>Deliciously chocolate apple jam.<br \/>\nChildren&#8217;s favorite!<br \/>\nA wonderful Sunday morning with pancakes!<br \/>\nIngredients: apple, sugar, water, dark chocolate (with whole hazelnuts).<br \/>\nCONTAINS ALLERGENS! NUTS.<br \/>\nMade from 95g apples per 100g product.<br \/>\nTotal sugar content 30g per 100g.<\/p>\n<p>NB: large orders (25.50, 100 cans) are possible, with min. notice. 1 month. With your desired logo, message or image.<\/p>\n","protected":false},"featured_media":0,"template":"","meta":[],"product_brand":[],"product_cat":[],"product_tag":[],"class_list":{"0":"post-92049","1":"product","2":"type-product","3":"status-publish","6":"first","7":"instock","8":"shipping-taxable","9":"product-type-simple"},"aioseo_notices":[],"_links":{"self":[{"href":"https:\/\/magasiait.ee\/en\/wp-json\/wp\/v2\/product\/92049","targetHints":{"allow":["GET"]}}],"collection":[{"href":"https:\/\/magasiait.ee\/en\/wp-json\/wp\/v2\/product"}],"about":[{"href":"https:\/\/magasiait.ee\/en\/wp-json\/wp\/v2\/types\/product"}],"wp:attachment":[{"href":"https:\/\/magasiait.ee\/en\/wp-json\/wp\/v2\/media?parent=92049"}],"wp:term":[{"taxonomy":"product_brand","embeddable":true,"href":"https:\/\/magasiait.ee\/en\/wp-json\/wp\/v2\/product_brand?post=92049"},{"taxonomy":"product_cat","embeddable":true,"href":"https:\/\/magasiait.ee\/en\/wp-json\/wp\/v2\/product_cat?post=92049"},{"taxonomy":"product_tag","embeddable":true,"href":"https:\/\/magasiait.ee\/en\/wp-json\/wp\/v2\/product_tag?post=92049"}],"curies":[{"name":"wp","href":"https:\/\/api.w.org\/{rel}","templated":true}]}}