{"id":92051,"date":"2026-04-02T15:00:05","date_gmt":"2026-04-02T15:00:05","guid":{"rendered":"https:\/\/magasiait.ee\/toode\/magasiaida-farm-pantry-pear-jam-with-brandy-212-ml\/"},"modified":"2026-04-02T15:00:05","modified_gmt":"2026-04-02T15:00:05","slug":"magasiaida-farm-pantry-pear-jam-with-brandy-212-ml","status":"publish","type":"product","link":"https:\/\/magasiait.ee\/en\/product\/magasiaida-farm-pantry-pear-jam-with-brandy-212-ml\/","title":{"rendered":"Magasiaida Farm pantry &#8220;Pear jam with brandy&#8221; 212 ml."},"content":{"rendered":"<figure class=\"image image_resized\" style=\"width:12.81%\"><img decoding=\"async\" src=\"https:\/\/cdn.erply.com\/files\/500235\/3QUjD8uHf5NMP3ZxHkGYfpCeJLkXUXiLczhqINraggXLCdZyUU.png\"><\/figure>\n<p>Estonian<\/p>\n<p>Nutritional information:<br \/>100g of product contains: energy 963kJ\/228kcal, fats 0g, of which saturated fatty acids 0g, carbohydrates 47.8g, sugars 46g, proteins 0.2g, salt 0.07g.<br \/>Made from 65g pears per 100g.<br \/>Total sugar content 40g per 100g.<br \/>Manufacturer: Magasiait O\u00dc, Lillekivi, Peatskivi village, Peipsi\u00e4\u00e4re parish, Tartu county 60201.&nbsp;<\/p>\n<p>After opening, store in the refrigerator and consume within a week.<\/p>\n","protected":false},"excerpt":{"rendered":"<p>A creamy jam with an interesting makeup.<br \/>\nIt is suitable with cheeses, but also for sweetening with pancakes and porridges.<\/p>\n","protected":false},"featured_media":0,"template":"","meta":[],"product_brand":[],"product_cat":[],"product_tag":[],"class_list":{"0":"post-92051","1":"product","2":"type-product","3":"status-publish","6":"first","7":"instock","8":"shipping-taxable","9":"product-type-simple"},"aioseo_notices":[],"_links":{"self":[{"href":"https:\/\/magasiait.ee\/en\/wp-json\/wp\/v2\/product\/92051","targetHints":{"allow":["GET"]}}],"collection":[{"href":"https:\/\/magasiait.ee\/en\/wp-json\/wp\/v2\/product"}],"about":[{"href":"https:\/\/magasiait.ee\/en\/wp-json\/wp\/v2\/types\/product"}],"wp:attachment":[{"href":"https:\/\/magasiait.ee\/en\/wp-json\/wp\/v2\/media?parent=92051"}],"wp:term":[{"taxonomy":"product_brand","embeddable":true,"href":"https:\/\/magasiait.ee\/en\/wp-json\/wp\/v2\/product_brand?post=92051"},{"taxonomy":"product_cat","embeddable":true,"href":"https:\/\/magasiait.ee\/en\/wp-json\/wp\/v2\/product_cat?post=92051"},{"taxonomy":"product_tag","embeddable":true,"href":"https:\/\/magasiait.ee\/en\/wp-json\/wp\/v2\/product_tag?post=92051"}],"curies":[{"name":"wp","href":"https:\/\/api.w.org\/{rel}","templated":true}]}}