{"id":92586,"date":"2026-03-20T13:09:17","date_gmt":"2026-03-20T13:09:17","guid":{"rendered":"https:\/\/magasiait.ee\/toode\/magasiaida-talusahvri-herbal-tea-golden-key-20-g\/"},"modified":"2026-04-28T01:00:11","modified_gmt":"2026-04-28T01:00:11","slug":"magasiaida-talusahvri-herbal-tea-golden-key-20-g","status":"publish","type":"product","link":"https:\/\/magasiait.ee\/en\/product\/magasiaida-talusahvri-herbal-tea-golden-key-20-g\/","title":{"rendered":"Magasiaida Talusahvri herbal tea &#8220;Golden Key&#8221; 20 g."},"content":{"rendered":"<figure class=\"image image_resized\" style=\"width:12.45%\"><img decoding=\"async\" src=\"https:\/\/cdn.erply.com\/assets\/500235\/file\/mdoT60bXrDfU0smJfNsoF68MKtSWsXtCSIRr7UCPLfvesc2F7x.png\"><\/figure>\n<p>Estonian<\/p>\n<p>Preparation: Pour 1 tbsp of tea mixture over 200 ml of hot water. Let it steep for 15 minutes.<\/p>\n<p>After opening, keep in a cool and dry place, out of direct sunlight.&nbsp;<\/p>\n<p>Manufacturer: Magasiait O\u00dc, Lillekivi, Peatskivi village, Peipsi\u00e4\u00e4re parish, Tartu county, 60201<\/p>\n","protected":false},"excerpt":{"rendered":"<p>An invigorating aromatic and flavorful herbal tea.<br \/>\nMeadowsweet is not only a tasty but also an energizing plant, lemon balm, mint and peppermint provide freshness and a pleasantly familiar aroma.<br \/>\n20 g of tea blend in a jar.<br \/>\nIngredients: meadowsweet flowers, peppermint, lemon balm and apple mint.<\/p>\n","protected":false},"featured_media":91767,"template":"","meta":[],"product_brand":[],"product_cat":[649],"product_tag":[],"class_list":{"0":"post-92586","1":"product","2":"type-product","3":"status-publish","4":"has-post-thumbnail","6":"product_cat-teas-en","8":"first","9":"instock","10":"shipping-taxable","11":"purchasable","12":"product-type-simple"},"aioseo_notices":[],"_links":{"self":[{"href":"https:\/\/magasiait.ee\/en\/wp-json\/wp\/v2\/product\/92586","targetHints":{"allow":["GET"]}}],"collection":[{"href":"https:\/\/magasiait.ee\/en\/wp-json\/wp\/v2\/product"}],"about":[{"href":"https:\/\/magasiait.ee\/en\/wp-json\/wp\/v2\/types\/product"}],"wp:featuredmedia":[{"embeddable":true,"href":"https:\/\/magasiait.ee\/en\/wp-json\/wp\/v2\/media\/91767"}],"wp:attachment":[{"href":"https:\/\/magasiait.ee\/en\/wp-json\/wp\/v2\/media?parent=92586"}],"wp:term":[{"taxonomy":"product_brand","embeddable":true,"href":"https:\/\/magasiait.ee\/en\/wp-json\/wp\/v2\/product_brand?post=92586"},{"taxonomy":"product_cat","embeddable":true,"href":"https:\/\/magasiait.ee\/en\/wp-json\/wp\/v2\/product_cat?post=92586"},{"taxonomy":"product_tag","embeddable":true,"href":"https:\/\/magasiait.ee\/en\/wp-json\/wp\/v2\/product_tag?post=92586"}],"curies":[{"name":"wp","href":"https:\/\/api.w.org\/{rel}","templated":true}]}}